{"id":24659,"date":"2025-08-21T15:34:50","date_gmt":"2025-08-21T13:34:50","guid":{"rendered":"https:\/\/biarritzbonheur.com\/the-story\/"},"modified":"2025-09-16T14:21:59","modified_gmt":"2025-09-16T12:21:59","slug":"the-story","status":"publish","type":"page","link":"https:\/\/biarritzbonheur.com\/en\/the-story\/","title":{"rendered":"HISTORY"},"content":{"rendered":"<p>[et_pb_section fb_built=&#8221;1&#8243; admin_label=&#8221;Galerie&#8221; _builder_version=&#8221;4.27.4&#8243; _module_preset=&#8221;default&#8221; background_color=&#8221;#A3781F&#8221; background_enable_image=&#8221;off&#8221; background_position=&#8221;bottom_center&#8221; height_tablet=&#8221;100px&#8221; height_phone=&#8221;100px&#8221; height_last_edited=&#8221;off|desktop&#8221; custom_margin=&#8221;0px|0px|0px|0px|false|false&#8221; custom_padding=&#8221;0%|0px|0%|0px|true|true&#8221; locked=&#8221;off&#8221; collapsed=&#8221;on&#8221; global_colors_info=&#8221;{}&#8221;][et_pb_row _builder_version=&#8221;4.27.4&#8243; _module_preset=&#8221;default&#8221; width_tablet=&#8221;&#8221; width_phone=&#8221;100%&#8221; width_last_edited=&#8221;on|phone&#8221; module_alignment=&#8221;center&#8221; custom_margin=&#8221;0px|0px|0px|0px|false|false&#8221; custom_padding=&#8221;1%|0px|1%|0px|true|false&#8221; global_colors_info=&#8221;{}&#8221;][et_pb_column type=&#8221;4_4&#8243; _builder_version=&#8221;4.27.4&#8243; _module_preset=&#8221;default&#8221; custom_padding=&#8221;0%|0%|0%|0%|true|true&#8221; global_colors_info=&#8221;{}&#8221;][et_pb_text _builder_version=&#8221;4.27.4&#8243; _module_preset=&#8221;_initial&#8221; text_font=&#8221;||||||||&#8221; text_text_color=&#8221;#545454&#8243; header_font=&#8221;|300||on|||||&#8221; header_text_align=&#8221;center&#8221; header_text_color=&#8221;#FFFFFF&#8221; header_font_size=&#8221;45px&#8221; header_letter_spacing=&#8221;15px&#8221; header_2_font=&#8221;|600|||||||&#8221; header_2_text_color=&#8221;#000000&#8243; header_3_font=&#8221;||||||||&#8221; header_4_font=&#8221;||||||||&#8221; header_5_font=&#8221;||||||||&#8221; header_6_font=&#8221;||||||||&#8221; custom_margin=&#8221;0px|0px|0px|0px|false|false&#8221; custom_padding=&#8221;15px|0px|0px|0px|false|false&#8221; header_font_size_tablet=&#8221;45px&#8221; header_font_size_phone=&#8221;30px&#8221; header_font_size_last_edited=&#8221;on|phone&#8221; header_letter_spacing_tablet=&#8221;15px&#8221; header_letter_spacing_phone=&#8221;10px&#8221; header_letter_spacing_last_edited=&#8221;on|phone&#8221; global_colors_info=&#8221;{}&#8221;]<\/p>\n<h1>History<\/h1>\n<p>[\/et_pb_text][\/et_pb_column][\/et_pb_row][\/et_pb_section][et_pb_section fb_built=&#8221;1&#8243; _builder_version=&#8221;4.27.4&#8243; _module_preset=&#8221;default&#8221; background_enable_color=&#8221;off&#8221; custom_padding=&#8221;0px||0px||true|false&#8221; global_colors_info=&#8221;{}&#8221;][et_pb_row column_structure=&#8221;1_2,1_2&#8243; use_custom_gutter=&#8221;on&#8221; gutter_width=&#8221;1&#8243; make_equal=&#8221;on&#8221; custom_padding_last_edited=&#8221;on|tablet&#8221; _builder_version=&#8221;4.27.4&#8243; _module_preset=&#8221;default&#8221; width=&#8221;100%&#8221; max_width=&#8221;100%&#8221; custom_padding=&#8221;0px||0px||true|false&#8221; custom_padding_tablet=&#8221;25px||||false|false&#8221; custom_padding_phone=&#8221;25px||||false|false&#8221; global_colors_info=&#8221;{}&#8221;][et_pb_column type=&#8221;1_2&#8243; module_class=&#8221;centrer-verticalement&#8221; _builder_version=&#8221;4.27.4&#8243; _module_preset=&#8221;default&#8221; custom_padding_tablet=&#8221;||25px||false|false&#8221; custom_padding_phone=&#8221;||25px||false|false&#8221; custom_padding_last_edited=&#8221;on|tablet&#8221; global_colors_info=&#8221;{}&#8221;][et_pb_image src=&#8221;https:\/\/biarritzbonheur.com\/wp-content\/uploads\/2025\/08\/Ouverture-2.svg&#8221; alt=&#8221;Opening&#8221; title_text=&#8221;Opening&#8221; _builder_version=&#8221;4.27.4&#8243; _module_preset=&#8221;default&#8221; width=&#8221;30%&#8221; width_tablet=&#8221;30%&#8221; width_phone=&#8221;35%&#8221; width_last_edited=&#8221;on|tablet&#8221; custom_padding=&#8221;|||22%|false|false&#8221; global_colors_info=&#8221;{}&#8221;][\/et_pb_image][et_pb_text _builder_version=&#8221;4.27.4&#8243; _module_preset=&#8221;_initial&#8221; text_letter_spacing=&#8221;1px&#8221; header_2_text_color=&#8221;#A3781F&#8221; background_enable_color=&#8221;off&#8221; text_orientation=&#8221;center&#8221; custom_padding=&#8221;50px|23%|50px|23%|true|true&#8221; custom_padding_tablet=&#8221;25px|5%|25px|5%|true|true&#8221; custom_padding_phone=&#8221;20px|5%|20px|5%|true|true&#8221; custom_padding_last_edited=&#8221;on|tablet&#8221; text_font_size_tablet=&#8221;&#8221; text_font_size_phone=&#8221;14px&#8221; text_font_size_last_edited=&#8221;on|phone&#8221; text_letter_spacing_tablet=&#8221;0px&#8221; text_letter_spacing_phone=&#8221;0px&#8221; text_letter_spacing_last_edited=&#8221;on|tablet&#8221; text_line_height_tablet=&#8221;&#8221; text_line_height_phone=&#8221;1.4em&#8221; text_line_height_last_edited=&#8221;on|phone&#8221; global_colors_info=&#8221;{}&#8221;]<\/p>\n<p>In 1894, Biarritz, queen of beaches and beach of kings, welcomed a new temple of luxury and fashion to Place de la Libert\u00e9, now renamed Place Clemenceau.<\/p>\n<p><strong>&#8220;Biarritz Bonheur&#8221; opened its doors in the vast premises adjacent to the BAB train station.<\/strong><\/p>\n<p>Biarritz Bonheur expanded and moved. The new store was inaugurated on August 5, 1903. At the beginning of the XX<sup>th<\/sup> century, the brand was acquired by the Soci\u00e9t\u00e9 Fran\u00e7aise des Nouvelles Galeries.<br \/>Many architectural changes were implemented.  <\/p>\n<p>In 1999, the Galeries Lafayette brand was affixed next to the center&#8217;s name. But the name Biarritz Bonheur still resonates in the hearts of Biarritz locals. <\/p>\n<p>[\/et_pb_text][et_pb_image src=&#8221;https:\/\/biarritzbonheur.com\/wp-content\/uploads\/2025\/08\/Fermeture-2.svg&#8221; alt=&#8221;Closing&#8221; title_text=&#8221;Closing&#8221; align=&#8221;right&#8221; _builder_version=&#8221;4.27.4&#8243; _module_preset=&#8221;default&#8221; width=&#8221;30%&#8221; width_tablet=&#8221;30%&#8221; width_phone=&#8221;35%&#8221; width_last_edited=&#8221;on|tablet&#8221; custom_padding=&#8221;|22%|||false|false&#8221; global_colors_info=&#8221;{}&#8221;][\/et_pb_image][\/et_pb_column][et_pb_column type=&#8221;1_2&#8243; _builder_version=&#8221;4.27.4&#8243; _module_preset=&#8221;default&#8221; background_color=&#8221;#000000&#8243; custom_padding=&#8221;3%|2%|3%|2%|true|true&#8221; global_colors_info=&#8221;{}&#8221;][et_pb_gallery gallery_ids=&#8221;24660,24661,24662,24663,24664,24665,24666,24667&#8243; fullwidth=&#8221;on&#8221; _builder_version=&#8221;4.27.4&#8243; _module_preset=&#8221;default&#8221; custom_padding=&#8221;|3%||3%|false|true&#8221; auto=&#8221;on&#8221; auto_speed=&#8221;4000&#8243; global_colors_info=&#8221;{}&#8221;][\/et_pb_gallery][\/et_pb_column][\/et_pb_row][\/et_pb_section][et_pb_section fb_built=&#8221;1&#8243; module_class=&#8221;dc-inverser-colonnes&#8211;section&#8221; _builder_version=&#8221;4.27.4&#8243; _module_preset=&#8221;default&#8221; background_color=&#8221;#FFFFFF&#8221; custom_padding=&#8221;0px||0px||true|false&#8221; global_colors_info=&#8221;{}&#8221;][et_pb_row column_structure=&#8221;1_2,1_2&#8243; use_custom_gutter=&#8221;on&#8221; gutter_width=&#8221;1&#8243; make_equal=&#8221;on&#8221; module_class=&#8221;dc-inverser-colonnes&#8211;ligne&#8221; _builder_version=&#8221;4.27.4&#8243; _module_preset=&#8221;default&#8221; width=&#8221;100%&#8221; max_width=&#8221;100%&#8221; custom_padding=&#8221;0%|0%|0%|0%|true|true&#8221; global_colors_info=&#8221;{}&#8221;][et_pb_column type=&#8221;1_2&#8243; _builder_version=&#8221;4.27.4&#8243; _module_preset=&#8221;default&#8221; background_color=&#8221;#000000&#8243; custom_padding=&#8221;3%|3%|3%|3%|true|true&#8221; global_colors_info=&#8221;{}&#8221;][dipl_masonry_gallery image_ids=&#8221;145,148,147,146,149,150,151,154,152,153&#8243; number_of_columns=&#8221;3&#8243; image_size=&#8221;full&#8221; enable_lightbox=&#8221;on&#8221; enable_overlay=&#8221;on&#8221; overlay_icon=&#8221;\uf06e||fa||400&#8243; lightbox_background_color=&#8221;rgba(0,0,0,0.9)&#8221; overlay_icon_size=&#8221;24px&#8221; overlay_icon_color=&#8221;#FFFFFF&#8221; overlay_color=&#8221;rgba(0,0,0,0.7)&#8221; number_of_columns_tablet=&#8221;3&#8243; number_of_columns_phone=&#8221;2&#8243; number_of_columns_last_edited=&#8221;on|phone&#8221; _builder_version=&#8221;4.27.4&#8243; _module_preset=&#8221;default&#8221; width=&#8221;80%&#8221; module_alignment=&#8221;center&#8221; custom_padding=&#8221;0px|0px|0px|0px|true|true&#8221; hover_enabled=&#8221;0&#8243; global_colors_info=&#8221;{}&#8221; width_last_edited=&#8221;on|phone&#8221; width_phone=&#8221;100%&#8221; sticky_enabled=&#8221;0&#8243; width_tablet=&#8221;80%&#8221;][\/dipl_masonry_gallery][\/et_pb_column][et_pb_column type=&#8221;1_2&#8243; module_class=&#8221;centrer-verticalement&#8221; _builder_version=&#8221;4.27.4&#8243; _module_preset=&#8221;default&#8221; custom_padding_tablet=&#8221;25px||25px||true|false&#8221; custom_padding_phone=&#8221;25px||25px||true|false&#8221; custom_padding_last_edited=&#8221;on|tablet&#8221; global_colors_info=&#8221;{}&#8221;][et_pb_image src=&#8221;https:\/\/biarritzbonheur.com\/wp-content\/uploads\/2025\/08\/Ouverture-2.svg&#8221; alt=&#8221;Opening&#8221; title_text=&#8221;Opening&#8221; _builder_version=&#8221;4.27.4&#8243; _module_preset=&#8221;default&#8221; width=&#8221;30%&#8221; width_tablet=&#8221;30%&#8221; width_phone=&#8221;35%&#8221; width_last_edited=&#8221;on|tablet&#8221; custom_padding=&#8221;|||22%|false|false&#8221; locked=&#8221;off&#8221; global_colors_info=&#8221;{}&#8221;][\/et_pb_image][et_pb_text _builder_version=&#8221;4.27.4&#8243; _module_preset=&#8221;_initial&#8221; text_letter_spacing=&#8221;1px&#8221; header_2_text_color=&#8221;#A3781F&#8221; background_enable_color=&#8221;off&#8221; text_orientation=&#8221;center&#8221; custom_padding=&#8221;50px|23%|50px|23%|true|true&#8221; custom_padding_tablet=&#8221;25px|5%|25px|5%|true|true&#8221; custom_padding_phone=&#8221;20px|5%|20px|5%|true|true&#8221; custom_padding_last_edited=&#8221;on|tablet&#8221; scroll_vertical_motion=&#8221;0|30|70|100|2|0|-2&#8243; text_font_size_tablet=&#8221;&#8221; text_font_size_phone=&#8221;14px&#8221; text_font_size_last_edited=&#8221;on|phone&#8221; text_letter_spacing_tablet=&#8221;0px&#8221; text_letter_spacing_phone=&#8221;0px&#8221; text_letter_spacing_last_edited=&#8221;on|tablet&#8221; text_line_height_tablet=&#8221;&#8221; text_line_height_phone=&#8221;1.4em&#8221; text_line_height_last_edited=&#8221;on|phone&#8221; global_colors_info=&#8221;{}&#8221;]<\/p>\n<p>Art Deco style, wood, metal beams, gleaming copper, a central staircase, and elevators: the place became a temple of magnificence. On the merchandising side, luxurious display windows were installed on the ground floor. <\/p>\n<p>Cultural exhibitions on foreign countries were organized on the second floor.<\/p>\n<p>For employees, uniforms were mandatory: pleated skirts below the knee, white blouses or cardigans, and navy blue or black shoes. Both expertise and soft skills were essential. <\/p>\n<p>The store offered furniture, tableware, a drugstore, and a hardware section, as well as a department dedicated to white clothing and fabrics, a haberdashery, a ready-to-wear section, and a fitting area. A self-service food section would open later. <\/p>\n<p>[\/et_pb_text][et_pb_image src=&#8221;https:\/\/biarritzbonheur.com\/wp-content\/uploads\/2025\/08\/Fermeture-2.svg&#8221; alt=&#8221;Closing&#8221; title_text=&#8221;Closing&#8221; align=&#8221;right&#8221; _builder_version=&#8221;4.27.4&#8243; _module_preset=&#8221;default&#8221; width=&#8221;30%&#8221; width_tablet=&#8221;30%&#8221; width_phone=&#8221;35%&#8221; width_last_edited=&#8221;on|tablet&#8221; custom_padding=&#8221;|22%|||false|false&#8221; locked=&#8221;off&#8221; global_colors_info=&#8221;{}&#8221;][\/et_pb_image][\/et_pb_column][\/et_pb_row][\/et_pb_section][et_pb_section fb_built=&#8221;1&#8243; _builder_version=&#8221;4.27.4&#8243; _module_preset=&#8221;default&#8221; background_enable_color=&#8221;off&#8221; custom_padding=&#8221;0px||0px||true|false&#8221; global_colors_info=&#8221;{}&#8221;][et_pb_row column_structure=&#8221;1_2,1_2&#8243; use_custom_gutter=&#8221;on&#8221; gutter_width=&#8221;1&#8243; make_equal=&#8221;on&#8221; _builder_version=&#8221;4.27.4&#8243; _module_preset=&#8221;default&#8221; width=&#8221;100%&#8221; max_width=&#8221;100%&#8221; custom_padding=&#8221;0px||0px||false|false&#8221; hover_enabled=&#8221;0&#8243; global_colors_info=&#8221;{}&#8221; sticky_enabled=&#8221;0&#8243;][et_pb_column type=&#8221;1_2&#8243; module_class=&#8221;centrer-verticalement&#8221; _builder_version=&#8221;4.27.4&#8243; _module_preset=&#8221;default&#8221; custom_padding_tablet=&#8221;25px||25px||true|false&#8221; custom_padding_phone=&#8221;25px||25px||true|false&#8221; custom_padding_last_edited=&#8221;on|tablet&#8221; hover_enabled=&#8221;0&#8243; global_colors_info=&#8221;{}&#8221; sticky_enabled=&#8221;0&#8243;][et_pb_image src=&#8221;https:\/\/biarritzbonheur.com\/wp-content\/uploads\/2025\/08\/Ouverture-2.svg&#8221; alt=&#8221;Opening&#8221; title_text=&#8221;Opening&#8221; _builder_version=&#8221;4.27.4&#8243; _module_preset=&#8221;default&#8221; width=&#8221;30%&#8221; width_tablet=&#8221;30%&#8221; width_phone=&#8221;35%&#8221; width_last_edited=&#8221;on|tablet&#8221; custom_padding=&#8221;|||22%|false|false&#8221; locked=&#8221;off&#8221; global_colors_info=&#8221;{}&#8221;][\/et_pb_image][et_pb_text _builder_version=&#8221;4.27.4&#8243; _module_preset=&#8221;_initial&#8221; text_letter_spacing=&#8221;1px&#8221; header_2_text_color=&#8221;#A3781F&#8221; background_enable_color=&#8221;off&#8221; text_orientation=&#8221;center&#8221; custom_padding=&#8221;50px|23%|50px|23%|true|true&#8221; custom_padding_tablet=&#8221;25px|5%|25px|5%|true|true&#8221; custom_padding_phone=&#8221;20px|5%|20px|5%|true|true&#8221; custom_padding_last_edited=&#8221;on|tablet&#8221; scroll_vertical_motion=&#8221;0|30|70|100|2|0|-2&#8243; text_font_size_tablet=&#8221;&#8221; text_font_size_phone=&#8221;14px&#8221; text_font_size_last_edited=&#8221;on|phone&#8221; text_letter_spacing_tablet=&#8221;0px&#8221; text_letter_spacing_phone=&#8221;0px&#8221; text_letter_spacing_last_edited=&#8221;on|tablet&#8221; text_line_height_tablet=&#8221;&#8221; text_line_height_phone=&#8221;1.4em&#8221; text_line_height_last_edited=&#8221;on|phone&#8221; global_colors_info=&#8221;{}&#8221;]<\/p>\n<p>Biarritz entered fashion history when Empress Eug\u00e9nie, wife of Napoleon III, made it her summer resort in 1854. This imperial presence attracted the European elite, transforming Biarritz into a trendsetting destination where high society showcased its finest attire. <\/p>\n<p>Biarritz attracted the biggest names in haute couture. Poiret, Chanel, Vionnet, Lanvin, Herm\u00e8s, Rochas, Balenciaga, and Courr\u00e8ges thus dressed the insatiable clientele of luxurious parties that enlivened the Imperial City. <\/p>\n<p>Coco Chanel opened her first boutique outside Paris there in 1915, solidifying Biarritz&#8217;s fashion status.<\/p>\n<p>Today, this rich heritage endures through its luxury boutiques and fashion events.<\/p>\n<p>[\/et_pb_text][et_pb_image src=&#8221;https:\/\/biarritzbonheur.com\/wp-content\/uploads\/2025\/08\/Fermeture-2.svg&#8221; alt=&#8221;Closing&#8221; title_text=&#8221;Closing&#8221; align=&#8221;right&#8221; _builder_version=&#8221;4.27.4&#8243; _module_preset=&#8221;default&#8221; width=&#8221;30%&#8221; width_tablet=&#8221;30%&#8221; width_phone=&#8221;35%&#8221; width_last_edited=&#8221;on|tablet&#8221; custom_padding=&#8221;|22%|||false|false&#8221; locked=&#8221;off&#8221; global_colors_info=&#8221;{}&#8221;][\/et_pb_image][\/et_pb_column][et_pb_column type=&#8221;1_2&#8243; _builder_version=&#8221;4.27.4&#8243; _module_preset=&#8221;default&#8221; background_color=&#8221;#000000&#8243; custom_padding=&#8221;3%|3%|3%|3%|true|true&#8221; hover_enabled=&#8221;0&#8243; global_colors_info=&#8221;{}&#8221; sticky_enabled=&#8221;0&#8243;][dipl_masonry_gallery image_ids=&#8221;156,157,158,159,160,163,161,165,162,164&#8243; number_of_columns=&#8221;3&#8243; image_size=&#8221;full&#8221; enable_lightbox=&#8221;on&#8221; enable_overlay=&#8221;on&#8221; overlay_icon=&#8221;\uf06e||fa||400&#8243; lightbox_background_color=&#8221;rgba(0,0,0,0.9)&#8221; overlay_icon_size=&#8221;24px&#8221; overlay_icon_color=&#8221;#FFFFFF&#8221; overlay_color=&#8221;rgba(0,0,0,0.7)&#8221; number_of_columns_tablet=&#8221;3&#8243; number_of_columns_phone=&#8221;2&#8243; number_of_columns_last_edited=&#8221;on|phone&#8221; _builder_version=&#8221;4.27.4&#8243; _module_preset=&#8221;default&#8221; width=&#8221;65%&#8221; module_alignment=&#8221;center&#8221; custom_padding=&#8221;0px|0px|0px|0px|true|true&#8221; hover_enabled=&#8221;0&#8243; locked=&#8221;off&#8221; global_colors_info=&#8221;{}&#8221; width_last_edited=&#8221;on|phone&#8221; width_phone=&#8221;100%&#8221; sticky_enabled=&#8221;0&#8243; width_tablet=&#8221;65%&#8221;][\/dipl_masonry_gallery][\/et_pb_column][\/et_pb_row][\/et_pb_section][et_pb_section fb_built=&#8221;1&#8243; custom_padding_last_edited=&#8221;on|tablet&#8221; _builder_version=&#8221;4.27.4&#8243; _module_preset=&#8221;default&#8221; background_color=&#8221;rgba(163,120,31,0.1)&#8221; custom_padding=&#8221;1%||1%||true|false&#8221; custom_padding_tablet=&#8221;3%||3%||true|false&#8221; custom_padding_phone=&#8221;3%||3%||true|false&#8221; global_colors_info=&#8221;{}&#8221;][et_pb_row _builder_version=&#8221;4.27.4&#8243; _module_preset=&#8221;default&#8221; global_colors_info=&#8221;{}&#8221;][et_pb_column type=&#8221;4_4&#8243; _builder_version=&#8221;4.27.4&#8243; _module_preset=&#8221;default&#8221; global_colors_info=&#8221;{}&#8221;][dipl_button inline_buttons=&#8221;on&#8221; buttons_alignment=&#8221;center&#8221; _builder_version=&#8221;4.27.4&#8243; _module_preset=&#8221;default&#8221; button_font=&#8221;|600||on|||||&#8221; button_text_color=&#8221;#FFFFFF&#8221; button_letter_spacing=&#8221;1px&#8221; custom_margin=&#8221;0px|0px|0px|0px|false|false&#8221; custom_padding=&#8221;0px|0px|0px|0px|true|true&#8221; locked=&#8221;off&#8221; global_colors_info=&#8221;{}&#8221;][dipl_button_item button_type=&#8221;conversion&#8221; button_text=&#8221;R\u00e9SERVATION&#8221; button_url=&#8221;https:\/\/bookings.zenchef.com\/results?rid=373871&amp;pid=1001&#8243; url_new_window=&#8221;on&#8221; background_fill_style=&#8221;wipe_fill&#8221; button_bg_color=&#8221;#A3781F&#8221; button_custom_margin=&#8221;0px|15px|0px|0px|false|false&#8221; button_custom_padding=&#8221;10px|25px|10px|25px|false|true&#8221; _builder_version=&#8221;4.27.4&#8243; _module_preset=&#8221;default&#8221; button_font=&#8221;|||on|||||&#8221; global_colors_info=&#8221;{}&#8221; button_bg_color__hover_enabled=&#8221;on|hover&#8221; button_bg_color__hover=&#8221;#000000&#8243; button_bg_enable_color__hover=&#8221;on&#8221; button_text_color__hover_enabled=&#8221;on|hover&#8221; button_text_color__hover=&#8221;#FFFFFF&#8221;][\/dipl_button_item][\/dipl_button][\/et_pb_column][\/et_pb_row][\/et_pb_section]<\/p>\n","protected":false},"excerpt":{"rendered":"<p>HistoryIn 1894, Biarritz, queen of beaches and beach of kings, welcomed a new temple of luxury and fashion to Place de la Libert\u00e9, now renamed Place Clemenceau. &#8220;Biarritz Bonheur&#8221; opened its doors in the vast premises adjacent to the BAB train station. Biarritz Bonheur expanded and moved. The new store was inaugurated on August 5, [&hellip;]<\/p>\n","protected":false},"author":1,"featured_media":0,"parent":0,"menu_order":0,"comment_status":"closed","ping_status":"closed","template":"","meta":{"_seopress_robots_primary_cat":"","_seopress_titles_title":"BIARRITZ BONHEUR, a place steeped in history","_seopress_titles_desc":"Discover the history of BIARRITZ BONHEUR: a place that has spanned eras, a fashion and Galeries Lafayette landmark rooted in the imperial city.","_seopress_robots_index":"","_et_pb_use_builder":"on","_et_pb_old_content":"","_et_gb_content_width":"","footnotes":""},"class_list":["post-24659","page","type-page","status-publish","hentry"],"_links":{"self":[{"href":"https:\/\/biarritzbonheur.com\/en\/wp-json\/wp\/v2\/pages\/24659","targetHints":{"allow":["GET"]}}],"collection":[{"href":"https:\/\/biarritzbonheur.com\/en\/wp-json\/wp\/v2\/pages"}],"about":[{"href":"https:\/\/biarritzbonheur.com\/en\/wp-json\/wp\/v2\/types\/page"}],"author":[{"embeddable":true,"href":"https:\/\/biarritzbonheur.com\/en\/wp-json\/wp\/v2\/users\/1"}],"replies":[{"embeddable":true,"href":"https:\/\/biarritzbonheur.com\/en\/wp-json\/wp\/v2\/comments?post=24659"}],"version-history":[{"count":8,"href":"https:\/\/biarritzbonheur.com\/en\/wp-json\/wp\/v2\/pages\/24659\/revisions"}],"predecessor-version":[{"id":24822,"href":"https:\/\/biarritzbonheur.com\/en\/wp-json\/wp\/v2\/pages\/24659\/revisions\/24822"}],"wp:attachment":[{"href":"https:\/\/biarritzbonheur.com\/en\/wp-json\/wp\/v2\/media?parent=24659"}],"curies":[{"name":"wp","href":"https:\/\/api.w.org\/{rel}","templated":true}]}}