{"id":24479,"date":"2025-08-21T15:35:25","date_gmt":"2025-08-21T13:35:25","guid":{"rendered":"https:\/\/biarritzbonheur.com\/resena-de-prensa\/"},"modified":"2025-09-15T16:28:07","modified_gmt":"2025-09-15T14:28:07","slug":"resena-de-prensa","status":"publish","type":"page","link":"https:\/\/biarritzbonheur.com\/es\/resena-de-prensa\/","title":{"rendered":"RESE\u00d1A DE PRENSA"},"content":{"rendered":"<p>[et_pb_section fb_built=\u00bb1&#8243; admin_label=\u00bbGalerie\u00bb _builder_version=\u00bb4.27.4&#8243; _module_preset=\u00bbdefault\u00bb background_color=\u00bb#000000&#8243; background_enable_image=\u00bboff\u00bb background_position=\u00bbbottom_center\u00bb height_tablet=\u00bb100px\u00bb height_phone=\u00bb100px\u00bb height_last_edited=\u00bboff|desktop\u00bb custom_margin=\u00bb0px|0px|0px|0px|false|false\u00bb custom_padding=\u00bb0%|0px|0%|0px|true|true\u00bb locked=\u00bboff\u00bb collapsed=\u00bbon\u00bb global_colors_info=\u00bb{}\u00bb][et_pb_row _builder_version=\u00bb4.27.4&#8243; _module_preset=\u00bbdefault\u00bb module_alignment=\u00bbcenter\u00bb custom_margin=\u00bb0px|0px|0px|0px|false|false\u00bb custom_padding=\u00bb1%|0px|1%|0px|true|false\u00bb hover_enabled=\u00bb0&#8243; global_colors_info=\u00bb{}\u00bb width_last_edited=\u00bbon|phone\u00bb width_phone=\u00bb95%\u00bb sticky_enabled=\u00bb0&#8243;][et_pb_column type=\u00bb4_4&#8243; _builder_version=\u00bb4.27.4&#8243; _module_preset=\u00bbdefault\u00bb custom_padding=\u00bb0%|0%|0%|0%|true|true\u00bb global_colors_info=\u00bb{}\u00bb][et_pb_text _builder_version=\u00bb4.27.4&#8243; _module_preset=\u00bb_initial\u00bb text_font=\u00bb||||||||\u00bb text_text_color=\u00bb#545454&#8243; header_font=\u00bb|300||on|||||\u00bb header_text_align=\u00bbcenter\u00bb header_text_color=\u00bb#FFFFFF\u00bb header_font_size=\u00bb45px\u00bb header_letter_spacing=\u00bb15px\u00bb header_2_font=\u00bb|600|||||||\u00bb header_2_text_color=\u00bb#000000&#8243; header_3_font=\u00bb||||||||\u00bb header_4_font=\u00bb||||||||\u00bb header_5_font=\u00bb||||||||\u00bb header_6_font=\u00bb||||||||\u00bb custom_margin=\u00bb0px|0px|0px|0px|false|false\u00bb custom_padding=\u00bb15px|0px|0px|0px|false|false\u00bb hover_enabled=\u00bb0&#8243; header_font_size_tablet=\u00bb45px\u00bb header_font_size_phone=\u00bb30px\u00bb header_font_size_last_edited=\u00bbon|phone\u00bb global_colors_info=\u00bb{}\u00bb header_line_height_last_edited=\u00bbon|phone\u00bb header_line_height_phone=\u00bb1em\u00bb header_letter_spacing_last_edited=\u00bbon|phone\u00bb header_letter_spacing_phone=\u00bb2px\u00bb sticky_enabled=\u00bb0&#8243; header_letter_spacing_tablet=\u00bb15px\u00bb]<\/p>\n<h1>RESE\u00d1A DE PRENSA<\/h1>\n<p>[\/et_pb_text][\/et_pb_column][\/et_pb_row][\/et_pb_section][et_pb_section fb_built=\u00bb1&#8243; _builder_version=\u00bb4.27.4&#8243; _module_preset=\u00bbdefault\u00bb hover_enabled=\u00bb0&#8243; global_colors_info=\u00bb{}\u00bb custom_margin__hover_enabled=\u00bboff|desktop\u00bb custom_margin_last_edited=\u00bbon|phone\u00bb custom_padding_last_edited=\u00bbon|phone\u00bb custom_padding_phone=\u00bb30px||||false|false\u00bb sticky_enabled=\u00bb0&#8243;][et_pb_row column_structure=\u00bb1_3,1_3,1_3&#8243; use_custom_gutter=\u00bbon\u00bb gutter_width=\u00bb4&#8243; make_equal=\u00bbon\u00bb custom_padding_last_edited=\u00bbon|tablet\u00bb _builder_version=\u00bb4.27.4&#8243; _module_preset=\u00bbdefault\u00bb width_tablet=\u00bb60%\u00bb width_phone=\u00bb80%\u00bb width_last_edited=\u00bbon|tablet\u00bb custom_padding=\u00bb0px||0px||false|false\u00bb custom_padding_tablet=\u00bb0px||0px||true|false\u00bb custom_padding_phone=\u00bb0px||0px||true|false\u00bb global_colors_info=\u00bb{}\u00bb][et_pb_column type=\u00bb1_3&#8243; module_class=\u00bbcentrer-verticalement\u00bb _builder_version=\u00bb4.27.4&#8243; _module_preset=\u00bbdefault\u00bb background_color=\u00bb#FFFFFF\u00bb custom_padding=\u00bb2%|1%|2%|1%|true|true\u00bb custom_padding_tablet=\u00bb5%|5%|5%|5%|true|true\u00bb custom_padding_phone=\u00bb5%|5%|5%|5%|true|true\u00bb custom_padding_last_edited=\u00bbon|tablet\u00bb border_radii=\u00bboff||25px|25px|25px\u00bb box_shadow_style=\u00bbpreset1&#8243; box_shadow_vertical=\u00bb0px\u00bb box_shadow_blur=\u00bb20px\u00bb box_shadow_color=\u00bbrgba(0,0,0,0.2)\u00bb global_colors_info=\u00bb{}\u00bb][et_pb_blurb title=\u00bbBiarritz Bonheur%22 abre sus puertas en la azotea de las Galer\u00edas Lafayette con una vista impresionante\u00bb image=\u00bbhttps:\/\/biarritzbonheur.com\/wp-content\/uploads\/2025\/08\/logo-ici.svg\u00bb alt=\u00bblogo aqu\u00ed\u00bb _builder_version=\u00bb4.27.4&#8243; _module_preset=\u00bbdefault\u00bb header_level=\u00bbh2&#8243; header_font=\u00bb|600|||||||\u00bb header_text_align=\u00bbcenter\u00bb header_font_size=\u00bb18px\u00bb header_line_height=\u00bb1.2em\u00bb text_orientation=\u00bbcenter\u00bb custom_margin=\u00bb||20px||false|false\u00bb global_colors_info=\u00bb{}\u00bb][\/et_pb_blurb][et_pb_button button_url=\u00bbhttps:\/\/www.francebleu.fr\/infos\/societe\/biarritz-bonheur-ouvre-ses-portes-sur-le-toit-des-galeries-lafayette-avec-une-vue-imprenable-7435833&#8243; url_new_window=\u00bbon\u00bb button_text=\u00bbLeer el art\u00edculo\u00bb button_alignment=\u00bbcenter\u00bb _builder_version=\u00bb4.27.4&#8243; _module_preset=\u00bbdefault\u00bb custom_button=\u00bbon\u00bb button_text_size=\u00bb18px\u00bb button_bg_color=\u00bb#A3781F\u00bb button_letter_spacing=\u00bb0px\u00bb button_use_icon=\u00bboff\u00bb custom_padding=\u00bb2px|10px|2px|10px|true|true\u00bb global_colors_info=\u00bb{}\u00bb button_bg_color__hover_enabled=\u00bbon|hover\u00bb button_bg_color__hover=\u00bb#000000&#8243; button_bg_enable_color__hover=\u00bbon\u00bb][\/et_pb_button][\/et_pb_column][et_pb_column type=\u00bb1_3&#8243; module_class=\u00bbcentrer-verticalement\u00bb _builder_version=\u00bb4.27.4&#8243; _module_preset=\u00bbdefault\u00bb background_color=\u00bb#FFFFFF\u00bb custom_padding=\u00bb2%|1%|2%|1%|true|true\u00bb custom_padding_tablet=\u00bb5%|5%|5%|5%|true|true\u00bb custom_padding_phone=\u00bb5%|5%|5%|5%|true|true\u00bb custom_padding_last_edited=\u00bbon|tablet\u00bb border_radii=\u00bboff||25px|25px|25px\u00bb box_shadow_style=\u00bbpreset1&#8243; box_shadow_vertical=\u00bb0px\u00bb box_shadow_blur=\u00bb20px\u00bb box_shadow_color=\u00bbrgba(0,0,0,0.2)\u00bb global_colors_info=\u00bb{}\u00bb][et_pb_blurb title=\u00bbApertura del rooftop Biarritz Bonheur\u00bb image=\u00bbhttps:\/\/biarritzbonheur.com\/wp-content\/uploads\/2025\/08\/Hotellerie-Restauration.png\u00bb alt=\u00bbH\u00f4tellerie Restauration\u00bb image_icon_width=\u00bb68%\u00bb _builder_version=\u00bb4.27.4&#8243; _module_preset=\u00bbdefault\u00bb header_level=\u00bbh2&#8243; header_font=\u00bb|600|||||||\u00bb header_text_align=\u00bbcenter\u00bb header_font_size=\u00bb18px\u00bb header_line_height=\u00bb1.2em\u00bb text_orientation=\u00bbcenter\u00bb custom_margin=\u00bb||20px||false|false\u00bb locked=\u00bboff\u00bb global_colors_info=\u00bb{}\u00bb][\/et_pb_blurb][et_pb_button button_url=\u00bbhttps:\/\/www.lhotellerie-restauration.fr\/actualite\/ouverture-du-rooftop-biarritz-bonheur#\u00bb url_new_window=\u00bbon\u00bb button_text=\u00bbLeer el art\u00edculo\u00bb button_alignment=\u00bbcenter\u00bb _builder_version=\u00bb4.27.4&#8243; _module_preset=\u00bbdefault\u00bb custom_button=\u00bbon\u00bb button_text_size=\u00bb18px\u00bb button_bg_color=\u00bb#A3781F\u00bb button_letter_spacing=\u00bb0px\u00bb button_use_icon=\u00bboff\u00bb positioning=\u00bbrelative\u00bb position_origin_a=\u00bbbottom_left\u00bb position_origin_f=\u00bbcenter_center\u00bb position_origin_r=\u00bbbottom_left\u00bb custom_padding=\u00bb2px|10px|2px|10px|true|true\u00bb global_colors_info=\u00bb{}\u00bb button_bg_color__hover_enabled=\u00bbon|hover\u00bb button_bg_color__hover=\u00bb#000000&#8243; button_bg_enable_color__hover=\u00bbon\u00bb][\/et_pb_button][\/et_pb_column][et_pb_column type=\u00bb1_3&#8243; module_class=\u00bbcentrer-verticalement\u00bb _builder_version=\u00bb4.27.4&#8243; _module_preset=\u00bbdefault\u00bb background_color=\u00bb#FFFFFF\u00bb custom_padding=\u00bb2%|1%|2%|1%|true|true\u00bb custom_padding_tablet=\u00bb5%|5%|5%|5%|true|true\u00bb custom_padding_phone=\u00bb5%|5%|5%|5%|true|true\u00bb custom_padding_last_edited=\u00bbon|tablet\u00bb border_radii=\u00bboff||25px|25px|25px\u00bb box_shadow_style=\u00bbpreset1&#8243; box_shadow_vertical=\u00bb0px\u00bb box_shadow_blur=\u00bb20px\u00bb box_shadow_color=\u00bbrgba(0,0,0,0.2)\u00bb global_colors_info=\u00bb{}\u00bb][et_pb_blurb title=\u00bbEl nuevo bar-restaurante situado en la azotea de las Galer\u00edas Lafayette de Biarritz\u00bb image=\u00bbhttps:\/\/biarritzbonheur.com\/wp-content\/uploads\/2025\/08\/logo-la-republique.svg\u00bb alt=\u00bbLa R\u00e9publique des Pyr\u00e9n\u00e9es\u00bb image_icon_width=\u00bb53%\u00bb _builder_version=\u00bb4.27.4&#8243; _module_preset=\u00bbdefault\u00bb header_level=\u00bbh2&#8243; header_font=\u00bb|600|||||||\u00bb header_text_align=\u00bbcenter\u00bb header_font_size=\u00bb18px\u00bb header_line_height=\u00bb1.2em\u00bb text_orientation=\u00bbcenter\u00bb custom_margin=\u00bb||20px||false|false\u00bb locked=\u00bboff\u00bb global_colors_info=\u00bb{}\u00bb][\/et_pb_blurb][et_pb_button button_url=\u00bbhttps:\/\/www.larepubliquedespyrenees.fr\/gastronomie\/plein-phare-sur-le-nouveau-bar-restaurant-perche-des-galeries-lafayette-de-biarritz-24461984.php\u00bb url_new_window=\u00bbon\u00bb button_text=\u00bbLeer el art\u00edculo\u00bb button_alignment=\u00bbcenter\u00bb _builder_version=\u00bb4.27.4&#8243; _module_preset=\u00bbdefault\u00bb custom_button=\u00bbon\u00bb button_text_size=\u00bb18px\u00bb button_bg_color=\u00bb#A3781F\u00bb button_letter_spacing=\u00bb0px\u00bb button_use_icon=\u00bboff\u00bb custom_padding=\u00bb2px|10px|2px|10px|true|true\u00bb global_colors_info=\u00bb{}\u00bb button_bg_color__hover_enabled=\u00bbon|hover\u00bb button_bg_color__hover=\u00bb#000000&#8243; button_bg_enable_color__hover=\u00bbon\u00bb][\/et_pb_button][\/et_pb_column][\/et_pb_row][et_pb_row column_structure=\u00bb1_3,1_3,1_3&#8243; use_custom_gutter=\u00bbon\u00bb gutter_width=\u00bb4&#8243; make_equal=\u00bbon\u00bb _builder_version=\u00bb4.27.4&#8243; _module_preset=\u00bbdefault\u00bb width_tablet=\u00bb60%\u00bb width_phone=\u00bb80%\u00bb width_last_edited=\u00bbon|tablet\u00bb custom_margin=\u00bb50px||||false|false\u00bb custom_padding=\u00bb0px||0px||false|false\u00bb global_colors_info=\u00bb{}\u00bb][et_pb_column type=\u00bb1_3&#8243; module_class=\u00bbcentrer-verticalement\u00bb _builder_version=\u00bb4.27.4&#8243; _module_preset=\u00bbdefault\u00bb background_color=\u00bb#FFFFFF\u00bb custom_padding=\u00bb2%|1%|2%|1%|true|true\u00bb custom_padding_tablet=\u00bb5%|5%|5%|5%|true|true\u00bb custom_padding_phone=\u00bb5%|5%|5%|5%|true|true\u00bb custom_padding_last_edited=\u00bbon|tablet\u00bb border_radii=\u00bboff||25px|25px|25px\u00bb box_shadow_style=\u00bbpreset1&#8243; box_shadow_vertical=\u00bb0px\u00bb box_shadow_blur=\u00bb20px\u00bb box_shadow_color=\u00bbrgba(0,0,0,0.2)\u00bb global_colors_info=\u00bb{}\u00bb][et_pb_blurb title=\u00bbUbicado en las alturas, entre el cielo y el oc\u00e9ano, este nuevo restaurante de Biarritz ofrece un panorama magn\u00edfico\u00bb image=\u00bbhttps:\/\/biarritzbonheur.com\/wp-content\/uploads\/2025\/08\/actu-FR.svg\u00bb alt=\u00bbactu.fr\u00bb image_icon_width=\u00bb48%\u00bb _builder_version=\u00bb4.27.4&#8243; _module_preset=\u00bbdefault\u00bb header_level=\u00bbh2&#8243; header_font=\u00bb|600|||||||\u00bb header_text_align=\u00bbcenter\u00bb header_font_size=\u00bb18px\u00bb header_line_height=\u00bb1.2em\u00bb text_orientation=\u00bbcenter\u00bb custom_margin=\u00bb||20px||false|false\u00bb locked=\u00bboff\u00bb global_colors_info=\u00bb{}\u00bb][\/et_pb_blurb][et_pb_button button_url=\u00bbhttps:\/\/actu.fr\/nouvelle-aquitaine\/biarritz_64122\/perche-sur-les-toits-entre-ciel-et-ocean-ce-nouveau-restaurant-de-biarritz-offre-un-panorama-magnifique_62649673.html\u00bb url_new_window=\u00bbon\u00bb button_text=\u00bbLeer el art\u00edculo\u00bb button_alignment=\u00bbcenter\u00bb _builder_version=\u00bb4.27.4&#8243; _module_preset=\u00bbdefault\u00bb custom_button=\u00bbon\u00bb button_text_size=\u00bb18px\u00bb button_bg_color=\u00bb#A3781F\u00bb button_letter_spacing=\u00bb0px\u00bb button_use_icon=\u00bboff\u00bb custom_padding=\u00bb2px|10px|2px|10px|true|true\u00bb locked=\u00bboff\u00bb global_colors_info=\u00bb{}\u00bb button_bg_color__hover_enabled=\u00bbon|hover\u00bb button_bg_color__hover=\u00bb#000000&#8243; button_bg_enable_color__hover=\u00bbon\u00bb][\/et_pb_button][\/et_pb_column][et_pb_column type=\u00bb1_3&#8243; module_class=\u00bbcentrer-verticalement\u00bb _builder_version=\u00bb4.27.4&#8243; _module_preset=\u00bbdefault\u00bb background_color=\u00bb#FFFFFF\u00bb custom_padding=\u00bb2%|1%|2%|1%|true|true\u00bb custom_padding_tablet=\u00bb5%|5%|5%|5%|true|true\u00bb custom_padding_phone=\u00bb5%|5%|5%|5%|true|true\u00bb custom_padding_last_edited=\u00bbon|tablet\u00bb border_radii=\u00bboff||25px|25px|25px\u00bb box_shadow_style=\u00bbpreset1&#8243; box_shadow_vertical=\u00bb0px\u00bb box_shadow_blur=\u00bb20px\u00bb box_shadow_color=\u00bbrgba(0,0,0,0.2)\u00bb global_colors_info=\u00bb{}\u00bb][et_pb_blurb title=\u00bbMatthias Marc firma el men\u00fa del Biarritz Bonheur\u00bb image=\u00bbhttps:\/\/biarritzbonheur.com\/wp-content\/uploads\/2025\/08\/lechef_logo_2023.png\u00bb alt=\u00bbEl Chef\u00bb image_icon_width=\u00bb60%\u00bb _builder_version=\u00bb4.27.4&#8243; _module_preset=\u00bbdefault\u00bb header_level=\u00bbh2&#8243; header_font=\u00bb|600|||||||\u00bb header_text_align=\u00bbcenter\u00bb header_font_size=\u00bb18px\u00bb header_line_height=\u00bb1.2em\u00bb text_orientation=\u00bbcenter\u00bb custom_margin=\u00bb||20px||false|false\u00bb global_colors_info=\u00bb{}\u00bb][\/et_pb_blurb][et_pb_button button_url=\u00bbhttps:\/\/www.lechef.com\/matthias-marc-signe-la-carte-du-biarritz-bonheur\/\u00bb url_new_window=\u00bbon\u00bb button_text=\u00bbLeer el art\u00edculo\u00bb button_alignment=\u00bbcenter\u00bb _builder_version=\u00bb4.27.4&#8243; _module_preset=\u00bbdefault\u00bb custom_button=\u00bbon\u00bb button_text_size=\u00bb18px\u00bb button_bg_color=\u00bb#A3781F\u00bb button_letter_spacing=\u00bb0px\u00bb button_use_icon=\u00bboff\u00bb custom_padding=\u00bb2px|10px|2px|10px|true|true\u00bb global_colors_info=\u00bb{}\u00bb button_bg_color__hover_enabled=\u00bbon|hover\u00bb button_bg_color__hover=\u00bb#000000&#8243; button_bg_enable_color__hover=\u00bbon\u00bb][\/et_pb_button][\/et_pb_column][et_pb_column type=\u00bb1_3&#8243; module_class=\u00bbcentrer-verticalement\u00bb _builder_version=\u00bb4.27.4&#8243; _module_preset=\u00bbdefault\u00bb background_color=\u00bb#FFFFFF\u00bb custom_padding=\u00bb2%|1%|2%|1%|true|true\u00bb custom_padding_tablet=\u00bb5%|5%|5%|5%|true|true\u00bb custom_padding_phone=\u00bb5%|5%|5%|5%|true|true\u00bb custom_padding_last_edited=\u00bbon|tablet\u00bb border_radii=\u00bboff||25px|25px|25px\u00bb box_shadow_style=\u00bbpreset1&#8243; box_shadow_vertical=\u00bb0px\u00bb box_shadow_blur=\u00bb20px\u00bb box_shadow_color=\u00bbrgba(0,0,0,0.2)\u00bb global_colors_info=\u00bb{}\u00bb][et_pb_blurb title=\u00bbUn restaurante en la azotea de las Galer\u00edas Lafayette en Biarritz antes que Pau, con Imanol Harinordoquy y Jean-Michel Suhubiette\u00bb image=\u00bbhttps:\/\/biarritzbonheur.com\/wp-content\/uploads\/2025\/08\/logo-la-republique.svg\u00bb alt=\u00bbLa R\u00e9publique des Pyr\u00e9n\u00e9es\u00bb image_icon_width=\u00bb53%\u00bb _builder_version=\u00bb4.27.4&#8243; _module_preset=\u00bbdefault\u00bb header_level=\u00bbh2&#8243; header_font=\u00bb|600|||||||\u00bb header_text_align=\u00bbcenter\u00bb header_font_size=\u00bb18px\u00bb header_line_height=\u00bb1.2em\u00bb text_orientation=\u00bbcenter\u00bb custom_margin=\u00bb||20px||false|false\u00bb locked=\u00bboff\u00bb global_colors_info=\u00bb{}\u00bb][\/et_pb_blurb][et_pb_button button_url=\u00bbhttps:\/\/www.larepubliquedespyrenees.fr\/pyrenees-atlantiques\/biarritz\/un-restaurant-sur-le-rooftop-des-galeries-lafayette-a-biarritz-avant-pau-23690117.php\u00bb url_new_window=\u00bbon\u00bb button_text=\u00bbLeer el art\u00edculo\u00bb button_alignment=\u00bbcenter\u00bb _builder_version=\u00bb4.27.4&#8243; _module_preset=\u00bbdefault\u00bb custom_button=\u00bbon\u00bb button_text_size=\u00bb18px\u00bb button_bg_color=\u00bb#A3781F\u00bb button_letter_spacing=\u00bb0px\u00bb button_use_icon=\u00bboff\u00bb custom_padding=\u00bb2px|10px|2px|10px|true|true\u00bb global_colors_info=\u00bb{}\u00bb button_bg_color__hover_enabled=\u00bbon|hover\u00bb button_bg_color__hover=\u00bb#000000&#8243; button_bg_enable_color__hover=\u00bbon\u00bb][\/et_pb_button][\/et_pb_column][\/et_pb_row][et_pb_row column_structure=\u00bb1_3,1_3,1_3&#8243; use_custom_gutter=\u00bbon\u00bb gutter_width=\u00bb4&#8243; make_equal=\u00bbon\u00bb _builder_version=\u00bb4.27.4&#8243; _module_preset=\u00bbdefault\u00bb width_tablet=\u00bb60%\u00bb width_phone=\u00bb80%\u00bb width_last_edited=\u00bbon|tablet\u00bb custom_margin=\u00bb50px||||false|false\u00bb custom_padding=\u00bb0px||0px||false|false\u00bb global_colors_info=\u00bb{}\u00bb][et_pb_column type=\u00bb1_3&#8243; module_class=\u00bbcentrer-verticalement\u00bb _builder_version=\u00bb4.27.4&#8243; _module_preset=\u00bbdefault\u00bb background_color=\u00bb#FFFFFF\u00bb custom_padding=\u00bb2%|1%|2%|1%|true|true\u00bb custom_padding_tablet=\u00bb5%|5%|5%|5%|true|true\u00bb custom_padding_phone=\u00bb5%|5%|5%|5%|true|true\u00bb custom_padding_last_edited=\u00bbon|tablet\u00bb border_radii=\u00bboff||25px|25px|25px\u00bb box_shadow_style=\u00bbpreset1&#8243; box_shadow_vertical=\u00bb0px\u00bb box_shadow_blur=\u00bb20px\u00bb box_shadow_color=\u00bbrgba(0,0,0,0.2)\u00bb global_colors_info=\u00bb{}\u00bb][et_pb_blurb title=\u00bbBiarritz Bonheur: el rooftop que electriza el verano\u00bb image=\u00bbhttps:\/\/biarritzbonheur.com\/wp-content\/uploads\/2025\/08\/gooutlogo.svg\u00bb alt=\u00bbGo Out Mag\u00bb image_icon_width=\u00bb36%\u00bb _builder_version=\u00bb4.27.4&#8243; _module_preset=\u00bbdefault\u00bb header_level=\u00bbh2&#8243; header_font=\u00bb|600|||||||\u00bb header_text_align=\u00bbcenter\u00bb header_font_size=\u00bb18px\u00bb header_line_height=\u00bb1.2em\u00bb text_orientation=\u00bbcenter\u00bb custom_margin=\u00bb||20px||false|false\u00bb locked=\u00bboff\u00bb global_colors_info=\u00bb{}\u00bb][\/et_pb_blurb][et_pb_button button_url=\u00bbhttps:\/\/gooutmag.ch\/biarritz-bonheur-le-rooftop-qui-electrise-lete\/\u00bb url_new_window=\u00bbon\u00bb button_text=\u00bbLeer el art\u00edculo\u00bb button_alignment=\u00bbcenter\u00bb _builder_version=\u00bb4.27.4&#8243; _module_preset=\u00bbdefault\u00bb custom_button=\u00bbon\u00bb button_text_size=\u00bb18px\u00bb button_bg_color=\u00bb#A3781F\u00bb button_letter_spacing=\u00bb0px\u00bb button_use_icon=\u00bboff\u00bb positioning=\u00bbrelative\u00bb position_origin_a=\u00bbbottom_left\u00bb position_origin_f=\u00bbcenter_center\u00bb position_origin_r=\u00bbbottom_left\u00bb custom_padding=\u00bb2px|10px|2px|10px|true|true\u00bb global_colors_info=\u00bb{}\u00bb button_bg_color__hover_enabled=\u00bbon|hover\u00bb button_bg_color__hover=\u00bb#000000&#8243; button_bg_enable_color__hover=\u00bbon\u00bb][\/et_pb_button][\/et_pb_column][et_pb_column type=\u00bb1_3&#8243; module_class=\u00bbcentrer-verticalement\u00bb _builder_version=\u00bb4.27.4&#8243; _module_preset=\u00bbdefault\u00bb background_color=\u00bb#FFFFFF\u00bb custom_padding=\u00bb2%|1%|2%|1%|true|true\u00bb custom_padding_tablet=\u00bb5%|5%|5%|5%|true|true\u00bb custom_padding_phone=\u00bb5%|5%|5%|5%|true|true\u00bb custom_padding_last_edited=\u00bbon|tablet\u00bb border_radii=\u00bboff||25px|25px|25px\u00bb box_shadow_style=\u00bbpreset1&#8243; box_shadow_vertical=\u00bb0px\u00bb box_shadow_blur=\u00bb20px\u00bb box_shadow_color=\u00bbrgba(0,0,0,0.2)\u00bb global_colors_info=\u00bb{}\u00bb][et_pb_blurb title=\u00bb\u00abHemos tenido algunos sustos\u00bb: el desaf\u00edo detr\u00e1s del proyecto del nuevo rooftop Biarritz Bonheur\u00bb image=\u00bbhttps:\/\/biarritzbonheur.com\/wp-content\/uploads\/2025\/08\/Sud-Ouest.svg\u00bb alt=\u00bbSud Ouest\u00bb image_icon_width=\u00bb48%\u00bb _builder_version=\u00bb4.27.4&#8243; _module_preset=\u00bbdefault\u00bb header_level=\u00bbh2&#8243; header_font=\u00bb|600|||||||\u00bb header_text_align=\u00bbcenter\u00bb header_font_size=\u00bb18px\u00bb header_line_height=\u00bb1.2em\u00bb text_orientation=\u00bbcenter\u00bb custom_margin=\u00bb||20px||false|false\u00bb locked=\u00bboff\u00bb global_colors_info=\u00bb{}\u00bb][\/et_pb_blurb][et_pb_button button_url=\u00bbhttps:\/\/www.sudouest.fr\/lieux\/pyrenees-atlantiques\/biarritz\/on-a-eu-quelques-frayeurs-le-defi-derriere-le-chantier-du-nouveau-rooftop-biarritz-bonheur-24833291.php\u00bb url_new_window=\u00bbon\u00bb button_text=\u00bbLeer el art\u00edculo\u00bb button_alignment=\u00bbcenter\u00bb _builder_version=\u00bb4.27.4&#8243; _module_preset=\u00bbdefault\u00bb custom_button=\u00bbon\u00bb button_text_size=\u00bb18px\u00bb button_bg_color=\u00bb#A3781F\u00bb button_letter_spacing=\u00bb0px\u00bb button_use_icon=\u00bboff\u00bb custom_padding=\u00bb2px|10px|2px|10px|true|true\u00bb locked=\u00bboff\u00bb global_colors_info=\u00bb{}\u00bb button_bg_color__hover_enabled=\u00bbon|hover\u00bb button_bg_color__hover=\u00bb#000000&#8243; button_bg_enable_color__hover=\u00bbon\u00bb][\/et_pb_button][\/et_pb_column][et_pb_column type=\u00bb1_3&#8243; module_class=\u00bbcentrer-verticalement\u00bb _builder_version=\u00bb4.27.4&#8243; _module_preset=\u00bbdefault\u00bb background_color=\u00bb#FFFFFF\u00bb custom_padding=\u00bb2%|1%|2%|1%|true|true\u00bb custom_padding_tablet=\u00bb5%|5%|5%|5%|true|true\u00bb custom_padding_phone=\u00bb5%|5%|5%|5%|true|true\u00bb custom_padding_last_edited=\u00bbon|tablet\u00bb border_radii=\u00bboff||25px|25px|25px\u00bb box_shadow_style=\u00bbpreset1&#8243; box_shadow_vertical=\u00bb0px\u00bb box_shadow_blur=\u00bb20px\u00bb box_shadow_color=\u00bbrgba(0,0,0,0.2)\u00bb global_colors_info=\u00bb{}\u00bb][et_pb_blurb title=\u00bbNueva direcci\u00f3n en Biarritz\u00bb image=\u00bbhttps:\/\/biarritzbonheur.com\/wp-content\/uploads\/2025\/08\/zepros.svg\u00bb alt=\u00bbZE PROS\u00bb image_icon_width=\u00bb60%\u00bb _builder_version=\u00bb4.27.4&#8243; _module_preset=\u00bbdefault\u00bb header_level=\u00bbh2&#8243; header_font=\u00bb|600|||||||\u00bb header_text_align=\u00bbcenter\u00bb header_font_size=\u00bb18px\u00bb header_line_height=\u00bb1.2em\u00bb text_orientation=\u00bbcenter\u00bb custom_margin=\u00bb||20px||false|false\u00bb global_colors_info=\u00bb{}\u00bb][\/et_pb_blurb][et_pb_button button_url=\u00bbhttps:\/\/resto.zepros.fr\/service-table\/chaines-groupes\/nouvelle-adresse-perchee-biarritz\u00bb url_new_window=\u00bbon\u00bb button_text=\u00bbLeer el art\u00edculo\u00bb button_alignment=\u00bbcenter\u00bb _builder_version=\u00bb4.27.4&#8243; _module_preset=\u00bbdefault\u00bb custom_button=\u00bbon\u00bb button_text_size=\u00bb18px\u00bb button_bg_color=\u00bb#A3781F\u00bb button_letter_spacing=\u00bb0px\u00bb button_use_icon=\u00bboff\u00bb custom_padding=\u00bb2px|10px|2px|10px|true|true\u00bb global_colors_info=\u00bb{}\u00bb button_bg_color__hover_enabled=\u00bbon|hover\u00bb button_bg_color__hover=\u00bb#000000&#8243; button_bg_enable_color__hover=\u00bbon\u00bb][\/et_pb_button][\/et_pb_column][\/et_pb_row][\/et_pb_section]<\/p>\n","protected":false},"excerpt":{"rendered":"<p>RESE\u00d1A DE PRENSA<\/p>\n","protected":false},"author":1,"featured_media":0,"parent":0,"menu_order":0,"comment_status":"closed","ping_status":"closed","template":"","meta":{"_seopress_robots_primary_cat":"","_seopress_titles_title":"","_seopress_titles_desc":"\u00a1Hablan de nosotros en la prensa! Consulte los art\u00edculos en nuestra rese\u00f1a de prensa. ","_seopress_robots_index":"","_et_pb_use_builder":"on","_et_pb_old_content":"","_et_gb_content_width":"","footnotes":""},"class_list":["post-24479","page","type-page","status-publish","hentry"],"_links":{"self":[{"href":"https:\/\/biarritzbonheur.com\/es\/wp-json\/wp\/v2\/pages\/24479","targetHints":{"allow":["GET"]}}],"collection":[{"href":"https:\/\/biarritzbonheur.com\/es\/wp-json\/wp\/v2\/pages"}],"about":[{"href":"https:\/\/biarritzbonheur.com\/es\/wp-json\/wp\/v2\/types\/page"}],"author":[{"embeddable":true,"href":"https:\/\/biarritzbonheur.com\/es\/wp-json\/wp\/v2\/users\/1"}],"replies":[{"embeddable":true,"href":"https:\/\/biarritzbonheur.com\/es\/wp-json\/wp\/v2\/comments?post=24479"}],"version-history":[{"count":3,"href":"https:\/\/biarritzbonheur.com\/es\/wp-json\/wp\/v2\/pages\/24479\/revisions"}],"predecessor-version":[{"id":24490,"href":"https:\/\/biarritzbonheur.com\/es\/wp-json\/wp\/v2\/pages\/24479\/revisions\/24490"}],"wp:attachment":[{"href":"https:\/\/biarritzbonheur.com\/es\/wp-json\/wp\/v2\/media?parent=24479"}],"curies":[{"name":"wp","href":"https:\/\/api.w.org\/{rel}","templated":true}]}}