{"id":24561,"date":"2025-08-21T15:23:29","date_gmt":"2025-08-21T13:23:29","guid":{"rendered":"https:\/\/biarritzbonheur.com\/aviso-legal\/"},"modified":"2025-09-18T14:24:58","modified_gmt":"2025-09-18T12:24:58","slug":"aviso-legal","status":"publish","type":"page","link":"https:\/\/biarritzbonheur.com\/es\/aviso-legal\/","title":{"rendered":"Aviso legal"},"content":{"rendered":"<p>[et_pb_section fb_built=\u00bb1&#8243; admin_label=\u00bbGalerie\u00bb _builder_version=\u00bb4.27.4&#8243; _module_preset=\u00bbdefault\u00bb background_color=\u00bb#000000&#8243; background_enable_image=\u00bboff\u00bb background_position=\u00bbbottom_center\u00bb height_tablet=\u00bb100px\u00bb height_phone=\u00bb100px\u00bb height_last_edited=\u00bboff|desktop\u00bb custom_margin=\u00bb0px|0px|0px|0px|false|false\u00bb custom_padding=\u00bb0%|0px|0%|0px|true|true\u00bb locked=\u00bboff\u00bb collapsed=\u00bbon\u00bb global_colors_info=\u00bb{}\u00bb][et_pb_row _builder_version=\u00bb4.27.4&#8243; _module_preset=\u00bbdefault\u00bb width_tablet=\u00bb\u00bb width_phone=\u00bb95%\u00bb width_last_edited=\u00bbon|phone\u00bb module_alignment=\u00bbcenter\u00bb custom_margin=\u00bb0px|0px|0px|0px|false|false\u00bb custom_padding=\u00bb1%|0px|1%|0px|true|false\u00bb global_colors_info=\u00bb{}\u00bb][et_pb_column type=\u00bb4_4&#8243; _builder_version=\u00bb4.27.4&#8243; _module_preset=\u00bbdefault\u00bb custom_padding=\u00bb0%|0%|0%|0%|true|true\u00bb global_colors_info=\u00bb{}\u00bb][et_pb_text _builder_version=\u00bb4.27.4&#8243; _module_preset=\u00bb_initial\u00bb text_font=\u00bb||||||||\u00bb text_text_color=\u00bb#545454&#8243; header_font=\u00bb|300||on|||||\u00bb header_text_align=\u00bbcenter\u00bb header_text_color=\u00bb#FFFFFF\u00bb header_font_size=\u00bb45px\u00bb header_letter_spacing=\u00bb15px\u00bb header_2_font=\u00bb|600|||||||\u00bb header_2_text_color=\u00bb#000000&#8243; header_3_font=\u00bb||||||||\u00bb header_4_font=\u00bb||||||||\u00bb header_5_font=\u00bb||||||||\u00bb header_6_font=\u00bb||||||||\u00bb custom_margin=\u00bb0px|0px|0px|0px|false|false\u00bb custom_padding=\u00bb15px|0px|0px|0px|false|false\u00bb header_font_size_tablet=\u00bb45px\u00bb header_font_size_phone=\u00bb30px\u00bb header_font_size_last_edited=\u00bbon|phone\u00bb header_letter_spacing_tablet=\u00bb15px\u00bb header_letter_spacing_phone=\u00bb9px\u00bb header_letter_spacing_last_edited=\u00bbon|phone\u00bb header_line_height_tablet=\u00bb\u00bb header_line_height_phone=\u00bb1.1em\u00bb header_line_height_last_edited=\u00bbon|phone\u00bb global_colors_info=\u00bb{}\u00bb]<\/p>\n<h1>Aviso legal<\/h1>\n<p>[\/et_pb_text][\/et_pb_column][\/et_pb_row][\/et_pb_section][et_pb_section fb_built=\u00bb1&#8243; custom_padding_last_edited=\u00bbon|phone\u00bb _builder_version=\u00bb4.27.4&#8243; _module_preset=\u00bbdefault\u00bb custom_padding_tablet=\u00bb\u00bb custom_padding_phone=\u00bb4%||4%||true|false\u00bb global_colors_info=\u00bb{}\u00bb][et_pb_row _builder_version=\u00bb4.27.4&#8243; _module_preset=\u00bbdefault\u00bb width_tablet=\u00bb90%\u00bb width_phone=\u00bb90%\u00bb width_last_edited=\u00bbon|tablet\u00bb max_width=\u00bb1080px\u00bb custom_padding=\u00bb0px||0px||false|false\u00bb global_colors_info=\u00bb{}\u00bb][et_pb_column type=\u00bb4_4&#8243; _builder_version=\u00bb4.27.4&#8243; _module_preset=\u00bbdefault\u00bb global_colors_info=\u00bb{}\u00bb][et_pb_text ul_item_indent=\u00bb30px\u00bb _builder_version=\u00bb4.27.4&#8243; _module_preset=\u00bb_initial\u00bb link_font=\u00bb|600|||||||\u00bb link_text_color=\u00bb#A3781F\u00bb header_2_font=\u00bb|600|||||||\u00bb header_2_text_color=\u00bb#A3781F\u00bb header_2_font_size=\u00bb18px\u00bb hover_enabled=\u00bb0&#8243; custom_css_free_form=\u00bbselector h2 {padding-bottom: 0px;}\u00bb global_colors_info=\u00bb{}\u00bb sticky_enabled=\u00bb0&#8243;]<\/p>\n<p>La estructura general, as\u00ed como los textos, fotos, v\u00eddeos y sonidos que componen este sitio, son propiedad de BIARRITZ BONHEUR. La totalidad de este sitio est\u00e1 sujeta a la legislaci\u00f3n francesa e internacional sobre el derecho de autor y la propiedad intelectual. Todos los derechos de reproducci\u00f3n est\u00e1n reservados, incluso para los documentos descargables y las representaciones iconogr\u00e1ficas sonoras y fotogr\u00e1ficas.  <\/p>\n<p>Toda representaci\u00f3n total o parcial de este sitio o de uno o varios de sus componentes, por cualquier procedimiento, sin la autorizaci\u00f3n expresa del director de la publicaci\u00f3n est\u00e1 prohibida y constituir\u00eda una infracci\u00f3n sancionada por los art\u00edculos L.335-2 y siguientes del C\u00f3digo de la Propiedad Intelectual.<\/p>\n<h2>Inform\u00e1tica y Libertades<\/h2>\n<p>Se informa al usuario de este sitio de que la informaci\u00f3n que comunica en los formularios presentes en el sitio es necesaria para responder a su solicitud y est\u00e1 destinada a BIARRITZ BONHEUR, responsable del tratamiento, con fines de gesti\u00f3n administrativa y comercial.<\/p>\n<p>Las marcas y logotipos que aparecen en este sitio son marcas registradas. Su menci\u00f3n no concede en modo alguno una licencia o un derecho de utilizaci\u00f3n cualquiera de dichas marcas, que no pueden, por tanto, ser utilizadas sin el consentimiento previo y por escrito del propietario de la marca, so pena de infracci\u00f3n. <\/p>\n<p>El conjunto de la informaci\u00f3n presente en este sitio puede ser descargado, reproducido, impreso a condici\u00f3n de:<\/p>\n<ul>\n<li>utilizar dicha informaci\u00f3n \u00fanicamente con fines personales y en ning\u00fan caso con fines comerciales;<\/li>\n<li>no modificar dicha informaci\u00f3n;<\/li>\n<li>reproducir en todas las copias la menci\u00f3n de los derechos de autor (\u00abel copyright\u00bb) BIARRITZ BONHEUR<\/li>\n<\/ul>\n<p>Cualquier otra utilizaci\u00f3n no expresamente autorizada o cualquier representaci\u00f3n total o parcial de este sitio, por cualquier procedimiento, est\u00e1 estrictamente prohibida sin autorizaci\u00f3n previa y escrita a BIARRITZ BONHEUR y constituir\u00eda una infracci\u00f3n sancionada por los art\u00edculos L 355-2 y siguientes del C\u00f3digo de la Propiedad Intelectual.<\/p>\n<p>El sitio de BIARRITZ BONHEUR utiliza a veces \u00abcookies\u00bb o tecnolog\u00edas como Google Analytics para analizar las visitas de nuestro sitio web. Puede configurar su navegador para evitar cualquier trazabilidad de sus visitas o para ser notificado durante la creaci\u00f3n de cookies. <\/p>\n<h2>Cr\u00e9ditos<\/h2>\n<p>Director de la publicaci\u00f3n: SAS BIARRITZ BONHEUR<br \/>Textos: \u00a9Izeecom<br \/>Cr\u00e9dito Fotos: @Arthur Capy &#8211; DR<\/p>\n<h2>Contacto<\/h2>\n<p>SAS BIARRITZ BONHEUR \u2013 <a href=\"mailto:contact@biarritzbonheur.com\">contact@biarritzbonheur.com<\/a><\/p>\n<h2>Realizaci\u00f3n del sitio<\/h2>\n<p>Agence IZEECOM<br \/><a href=\"https:\/\/izeecom.com\/\" target=\"_blank\" rel=\"noopener\" title=\"Agencia de comunicaci\u00f3n\">www.izeecom.com<\/a> \u2028- <a href=\"mailto:info@izeecom.com\">info@izeecom.com<\/a><br \/>Espace Lac Marion \u2013 23 av du Lac Marion \u2013 64200 Biarritz<\/p>\n<p>[\/et_pb_text][\/et_pb_column][\/et_pb_row][\/et_pb_section]<\/p>\n","protected":false},"excerpt":{"rendered":"<p>Aviso legalLa estructura general, as\u00ed como los textos, fotos, v\u00eddeos y sonidos que componen este sitio, son propiedad de BIARRITZ BONHEUR. La totalidad de este sitio est\u00e1 sujeta a la legislaci\u00f3n francesa e internacional sobre el derecho de autor y la propiedad intelectual. Todos los derechos de reproducci\u00f3n est\u00e1n reservados, incluso para los documentos descargables [&hellip;]<\/p>\n","protected":false},"author":1,"featured_media":0,"parent":0,"menu_order":0,"comment_status":"closed","ping_status":"closed","template":"","meta":{"_seopress_robots_primary_cat":"","_seopress_titles_title":"","_seopress_titles_desc":"","_seopress_robots_index":"","_et_pb_use_builder":"on","_et_pb_old_content":"","_et_gb_content_width":"","footnotes":""},"class_list":["post-24561","page","type-page","status-publish","hentry"],"_links":{"self":[{"href":"https:\/\/biarritzbonheur.com\/es\/wp-json\/wp\/v2\/pages\/24561","targetHints":{"allow":["GET"]}}],"collection":[{"href":"https:\/\/biarritzbonheur.com\/es\/wp-json\/wp\/v2\/pages"}],"about":[{"href":"https:\/\/biarritzbonheur.com\/es\/wp-json\/wp\/v2\/types\/page"}],"author":[{"embeddable":true,"href":"https:\/\/biarritzbonheur.com\/es\/wp-json\/wp\/v2\/users\/1"}],"replies":[{"embeddable":true,"href":"https:\/\/biarritzbonheur.com\/es\/wp-json\/wp\/v2\/comments?post=24561"}],"version-history":[{"count":9,"href":"https:\/\/biarritzbonheur.com\/es\/wp-json\/wp\/v2\/pages\/24561\/revisions"}],"predecessor-version":[{"id":24872,"href":"https:\/\/biarritzbonheur.com\/es\/wp-json\/wp\/v2\/pages\/24561\/revisions\/24872"}],"wp:attachment":[{"href":"https:\/\/biarritzbonheur.com\/es\/wp-json\/wp\/v2\/media?parent=24561"}],"curies":[{"name":"wp","href":"https:\/\/api.w.org\/{rel}","templated":true}]}}