{"id":24613,"date":"2025-08-21T15:24:02","date_gmt":"2025-08-21T13:24:02","guid":{"rendered":"https:\/\/biarritzbonheur.com\/politica-de-privacidad\/"},"modified":"2025-09-16T11:37:47","modified_gmt":"2025-09-16T09:37:47","slug":"politica-de-privacidad","status":"publish","type":"page","link":"https:\/\/biarritzbonheur.com\/es\/politica-de-privacidad\/","title":{"rendered":"Pol\u00edtica de privacidad"},"content":{"rendered":"<p>[et_pb_section fb_built=\u00bb1&#8243; admin_label=\u00bbGalerie\u00bb _builder_version=\u00bb4.27.4&#8243; _module_preset=\u00bbdefault\u00bb background_color=\u00bb#000000&#8243; background_enable_image=\u00bboff\u00bb background_position=\u00bbbottom_center\u00bb height_tablet=\u00bb100px\u00bb height_phone=\u00bb100px\u00bb height_last_edited=\u00bboff|desktop\u00bb custom_margin=\u00bb0px|0px|0px|0px|false|false\u00bb custom_padding=\u00bb0%|0px|0%|0px|true|true\u00bb locked=\u00bboff\u00bb collapsed=\u00bbon\u00bb global_colors_info=\u00bb{}\u00bb][et_pb_row _builder_version=\u00bb4.27.4&#8243; _module_preset=\u00bbdefault\u00bb width_tablet=\u00bb\u00bb width_phone=\u00bb95%\u00bb width_last_edited=\u00bbon|phone\u00bb module_alignment=\u00bbcenter\u00bb custom_margin=\u00bb0px|0px|0px|0px|false|false\u00bb custom_padding=\u00bb1%|0px|1%|0px|true|false\u00bb global_colors_info=\u00bb{}\u00bb][et_pb_column type=\u00bb4_4&#8243; _builder_version=\u00bb4.27.4&#8243; _module_preset=\u00bbdefault\u00bb custom_padding=\u00bb0%|0%|0%|0%|true|true\u00bb global_colors_info=\u00bb{}\u00bb][et_pb_text _builder_version=\u00bb4.27.4&#8243; _module_preset=\u00bb_initial\u00bb text_font=\u00bb||||||||\u00bb text_text_color=\u00bb#545454&#8243; header_font=\u00bb|300||on|||||\u00bb header_text_align=\u00bbcenter\u00bb header_text_color=\u00bb#FFFFFF\u00bb header_letter_spacing=\u00bb1px\u00bb header_2_font=\u00bb|600|||||||\u00bb header_2_text_color=\u00bb#000000&#8243; header_3_font=\u00bb||||||||\u00bb header_4_font=\u00bb||||||||\u00bb header_5_font=\u00bb||||||||\u00bb header_6_font=\u00bb||||||||\u00bb custom_margin=\u00bb0px|0px|0px|0px|false|false\u00bb custom_padding=\u00bb15px|0px|0px|0px|false|false\u00bb hover_enabled=\u00bb0&#8243; header_font_size_tablet=\u00bb45px\u00bb header_font_size_phone=\u00bb23px\u00bb header_font_size_last_edited=\u00bbon|phone\u00bb header_line_height_tablet=\u00bb\u00bb header_line_height_phone=\u00bb1.2em\u00bb header_line_height_last_edited=\u00bbon|phone\u00bb global_colors_info=\u00bb{}\u00bb content_last_edited=\u00bbon|phone\u00bb content_phone=\u00bb<\/p>\n<h1>Pol\u00edtica de Privacidad y de Protecci\u00f3n de Datos personales<\/h1>\n<p>\u00bb sticky_enabled=\u00bb0&#8243; content_tablet=\u00bb<\/p>\n<h1>Pol\u00edtica de Privacidad y<br \/>de Protecci\u00f3n de Datos personales<\/h1>\n<p>\u00ab]<\/p>\n<h1>Pol\u00edtica de Privacidad y<br \/>de Protecci\u00f3n de Datos personales<\/h1>\n<p>[\/et_pb_text][\/et_pb_column][\/et_pb_row][\/et_pb_section][et_pb_section fb_built=\u00bb1&#8243; custom_padding_last_edited=\u00bbon|phone\u00bb _builder_version=\u00bb4.27.4&#8243; _module_preset=\u00bbdefault\u00bb custom_padding_tablet=\u00bb\u00bb custom_padding_phone=\u00bb5%||5%||true|false\u00bb global_colors_info=\u00bb{}\u00bb][et_pb_row _builder_version=\u00bb4.27.4&#8243; _module_preset=\u00bbdefault\u00bb width_tablet=\u00bb90%\u00bb width_phone=\u00bb90%\u00bb width_last_edited=\u00bbon|tablet\u00bb max_width=\u00bb1080px\u00bb custom_padding=\u00bb0px||0px||false|false\u00bb global_colors_info=\u00bb{}\u00bb][et_pb_column type=\u00bb4_4&#8243; _builder_version=\u00bb4.27.4&#8243; _module_preset=\u00bbdefault\u00bb global_colors_info=\u00bb{}\u00bb][et_pb_text ul_item_indent=\u00bb30px\u00bb _builder_version=\u00bb4.27.4&#8243; _module_preset=\u00bb_initial\u00bb text_line_height=\u00bb1.4em\u00bb link_font=\u00bb|600|||||||\u00bb link_text_color=\u00bb#A3781F\u00bb header_2_font=\u00bb|600|||||||\u00bb header_2_text_color=\u00bb#A3781F\u00bb header_2_font_size=\u00bb18px\u00bb text_font_size_tablet=\u00bb\u00bb text_font_size_phone=\u00bb14px\u00bb text_font_size_last_edited=\u00bbon|phone\u00bb custom_css_free_form=\u00bbselector h2 {padding-bottom: 0px;}\u00bb global_colors_info=\u00bb{}\u00bb]<\/p>\n<p>18 de agosto de 2025<\/p>\n<p>BIARRITZ BONHEUR aloja y edita su sitio web https:\/\/biarritzbonheur.com, lo que incluye el tratamiento y el almacenamiento de todos los datos recogidos en el sitio web o a trav\u00e9s de \u00e9l. BIARRITZ BONHEUR ha creado esta Pol\u00edtica de Privacidad y de Protecci\u00f3n de Datos personales (\u00abPol\u00edtica de Privacidad\u00bb), con el fin de comunicar su pol\u00edtica y sus pr\u00e1cticas en materia de recogida, uso y divulgaci\u00f3n de la informaci\u00f3n sobre usted, que se haya obtenido en el sitio https:\/\/biarritzbonheur.com <\/p>\n<p>Lea atentamente esta Pol\u00edtica de Privacidad. BIARRITZ BONHEUR puede modificarla en cualquier momento. Puede consultar la versi\u00f3n m\u00e1s reciente de esta Pol\u00edtica de Privacidad en esta secci\u00f3n o haciendo clic en el enlace \u00abPol\u00edtica de privacidad\u00bb que figura en el pie de p\u00e1gina de la p\u00e1gina de inicio del sitio.  <\/p>\n<p>Si decide utilizar el sitio web https:\/\/biarritzbonheur.com, acepta que BIARRITZ BONHEUR recoja y utilice informaci\u00f3n sobre usted, incluida informaci\u00f3n personal y financiera, en las condiciones definidas en la presente Pol\u00edtica de Privacidad. Si no acepta los t\u00e9rminos de esta Pol\u00edtica de Privacidad o cualquier modificaci\u00f3n realizada en estos t\u00e9rminos, le rogamos que abandone el sitio web https:\/\/biarritzbonheur.com. <\/p>\n<h2>\u00bfQu\u00e9 informaci\u00f3n se recoge en BIARRITZ BONHEUR?<\/h2>\n<p>Puede utilizar el sitio web https:\/\/biarritzbonheur.com sin proporcionar informaci\u00f3n de car\u00e1cter personal a BIARRITZ BONHEUR. No obstante, ser\u00e1 necesario que proporcione cierta informaci\u00f3n, entre la que se incluye: <\/p>\n<ul>\n<li>su nombre, direcci\u00f3n, n\u00famero de tel\u00e9fono y direcci\u00f3n de correo electr\u00f3nico si desea, entre otras cosas, recibir informaci\u00f3n de BIARRITZ BONHEUR,<\/li>\n<li>La informaci\u00f3n proporcionada en el sitio web https:\/\/biarritzbonheur.com se almacenar\u00e1 en el servidor de alojamiento de nuestro sitio.<\/li>\n<\/ul>\n<p>Tambi\u00e9n puede enviar en cualquier momento un correo electr\u00f3nico solicitando a BIARRITZ BONHEUR que suprima la informaci\u00f3n personal que le concierne en cuanto su pedido haya sido tramitado y entregado.<\/p>\n<h2>Direcciones IP y cookies<\/h2>\n<p>Es posible que recojamos su direcci\u00f3n IP y su tipo de navegador con fines de administraci\u00f3n de nuestros sistemas y\/o de elaboraci\u00f3n de estad\u00edsticas y sin identificar ninguna otra informaci\u00f3n individual.<\/p>\n<p>En algunos casos, tambi\u00e9n es posible que utilicemos cookies que corresponden a peque\u00f1os archivos de letras y de n\u00fameros descargados en su terminal cuando accede a nuestros Soportes. Utilizamos principalmente las cookies para reconocerle cuando se conecta de nuevo a nuestros soportes y para mostrar un contenido susceptible de corresponder a sus centros de inter\u00e9s. <\/p>\n<p>Los par\u00e1metros por defecto de los navegadores de internet est\u00e1n habitualmente configurados de manera que acepten las cookies, pero puede cambiar esto f\u00e1cilmente modificando los par\u00e1metros de su navegador. No obstante, tenga en cuenta que si elige desactivar las cookies, es posible que algunas partes de nuestros Soportes no sean accesibles. <\/p>\n<h2>Recepci\u00f3n de informaci\u00f3n<\/h2>\n<p>BIARRITZ BONHEUR tambi\u00e9n le da la posibilidad de recibir informaci\u00f3n susceptible de interesarle, entre la que se incluye informaci\u00f3n relativa a los productos y los nuevos productos propuestos en el sitio web. Si no desea recibir esta informaci\u00f3n, puede elegir en cualquier momento no recibir m\u00e1s comunicaciones posteriores poni\u00e9ndose en contacto con nuestro Servicio de Atenci\u00f3n al Cliente por correo electr\u00f3nico a la direcci\u00f3n contact@biarritzbonheur.com. <\/p>\n<h2>Enlaces<\/h2>\n<p>El sitio web https:\/\/biarritzbonheur.com puede contener enlaces a sitios web de terceros. BIARRITZ BONHEUR no tiene ning\u00fan control sobre el contenido, la pol\u00edtica de privacidad y de protecci\u00f3n de datos personales o las acciones de estos sitios web. La utilizaci\u00f3n de la informaci\u00f3n que puede proporcionar a terceros en otros sitios o que estos terceros pueden recoger en otros sitios web no se rige por la presente Pol\u00edtica de Privacidad. Debe examinar atentamente la pol\u00edtica de privacidad y de protecci\u00f3n de datos personales de los sitios web de terceros y ponerse en contacto con los editores de estos sitios en caso de preguntas sobre la manera en que utilizan la informaci\u00f3n que le concierne. BIARRITZ BONHEUR no puede ser considerado responsable por ning\u00fan tercero, por sus afiliados o sus agentes que no utilizaran la informaci\u00f3n que le concierne de conformidad con la pol\u00edtica de privacidad de este tercero o de conformidad con cualquier obligaci\u00f3n contractual o legal a la que este tercero, sus afiliados o agentes puedan estar sometidos.    <\/p>\n<h2>Seguridad<\/h2>\n<p>BIARRITZ BONHEUR ha implementado medidas de seguridad para proteger la informaci\u00f3n personal que proporciona contra los accesos y utilizaciones no autorizados. La base de datos del sitio est\u00e1 alojada en el proveedor de alojamiento elegido por BIARRITZ BONHEUR. Est\u00e1 protegida por un nombre de usuario y una contrase\u00f1a seguros. Potencialmente y para verificaciones t\u00e9cnicas, los administradores del sitio pueden consultar los datos. Las contrase\u00f1as est\u00e1n cifradas con un HASH, exactamente de la misma manera que los identificadores de WP.    <\/p>\n<h2>\u00bfD\u00f3nde se almacenan sus datos personales?<\/h2>\n<p>Sus datos personales se almacenan bien en nuestras bases de datos, bien en las de nuestros proveedores de servicios.<\/p>\n<p>En algunos casos, y principalmente por razones t\u00e9cnicas, estas bases de datos pueden estar almacenadas en servidores situados fuera del pa\u00eds (incluso fuera de la Uni\u00f3n Europea) desde el que usted introdujo inicialmente los datos.<\/p>\n<h2>Modificaciones y actualizaciones de la Pol\u00edtica de Privacidad<\/h2>\n<p>Al utilizar el sitio web https:\/\/biarritzbonheur.com, acepta la recogida, la utilizaci\u00f3n y la divulgaci\u00f3n de su informaci\u00f3n de la manera descrita en esta Pol\u00edtica de Privacidad. Esta Pol\u00edtica de Privacidad puede ser modificada y actualizada. En caso de modificaci\u00f3n o de actualizaci\u00f3n, la Pol\u00edtica de Privacidad revisada se pondr\u00e1 en l\u00ednea en el sitio https:\/\/biarritzbonheur.com, con menci\u00f3n de la \u00faltima fecha de actualizaci\u00f3n. Le rogamos que consulte regularmente el sitio web https:\/\/biarritzbonheur.com, para mantenerse informado de cualquier cambio o actualizaci\u00f3n de la Pol\u00edtica de Privacidad y de las pr\u00e1cticas. Si autoriza a BIARRITZ BONHEUR a conservar en su base de datos de clientes la informaci\u00f3n confidencial que proporciona en el sitio web https:\/\/biarritzbonheur.com y que BIARRITZ BONHEUR tiene la intenci\u00f3n de divulgar esta informaci\u00f3n a terceros o a filiales de una manera que no figura en esta Pol\u00edtica de Privacidad, BIARRITZ BONHEUR le avisar\u00e1 por escrito y le proporcionar\u00e1 la posibilidad de rechazar cualquier otro uso o divulgaci\u00f3n de su informaci\u00f3n personal.    <\/p>\n<h2>Modificaciones y acceso a su informaci\u00f3n personal<\/h2>\n<p>De conformidad con la ley n.\u00ba 78-17 del 6 de enero de 1978 modificada relativa a la inform\u00e1tica, a los archivos y a las libertades, usted dispone de un derecho de acceso, de modificaci\u00f3n, de rectificaci\u00f3n y de supresi\u00f3n de los datos que le conciernen. Para ejercer este derecho, debe dirigirnos una solicitud acompa\u00f1ada de un documento de identidad a contact@biarritzbonheur.com. <\/p>\n<p>Puede solicitar a BIARRITZ BONHEUR que corrija, que actualice o que suprima la informaci\u00f3n que ha proporcionado, y cuya conservaci\u00f3n ha autorizado en la base de datos de clientes de BIARRITZ BONHEUR, poni\u00e9ndose en contacto con nosotros (v\u00e9ase \u00abCONTACTO\u00bb). En su caso, debe asegurarse de proporcionar las actualizaciones o los cambios de la informaci\u00f3n que le concierne, incluidos especialmente los relativos a su direcci\u00f3n postal y\/o electr\u00f3nica con el fin de permitirnos expedir sus pedidos a la direcci\u00f3n correcta y de ponernos en contacto con usted al respecto en caso de necesidad. BIARRITZ BONHEUR puede tambi\u00e9n conservar para necesidades de archivo copias de las comunicaciones con los usuarios del sitio web y cualquier respuesta a las preguntas o comentarios enviada a los usuarios por nuestro Servicio de Atenci\u00f3n al Cliente.  <\/p>\n<h2>Contacte con nosotros<\/h2>\n<p>En caso de preguntas sobre la Pol\u00edtica de Privacidad y las pr\u00e1cticas de BIARRITZ BONHEUR en materia de protecci\u00f3n de datos personales, no dude en ponerse en contacto con nosotros por correo electr\u00f3nico a <a href=\"mailto:contact@biarritzbonheur.com\">contact@biarritzbonheur.com<\/a>.<\/p>\n<p>[\/et_pb_text][\/et_pb_column][\/et_pb_row][\/et_pb_section]<\/p>\n","protected":false},"excerpt":{"rendered":"<p>Pol\u00edtica de Privacidad yde Protecci\u00f3n de Datos personales18 de agosto de 2025 BIARRITZ BONHEUR aloja y edita su sitio web https:\/\/biarritzbonheur.com, lo que incluye el tratamiento y el almacenamiento de todos los datos recogidos en el sitio web o a trav\u00e9s de \u00e9l. BIARRITZ BONHEUR ha creado esta Pol\u00edtica de Privacidad y de Protecci\u00f3n de [&hellip;]<\/p>\n","protected":false},"author":1,"featured_media":0,"parent":0,"menu_order":0,"comment_status":"closed","ping_status":"closed","template":"","meta":{"_seopress_robots_primary_cat":"","_seopress_titles_title":"","_seopress_titles_desc":"","_seopress_robots_index":"","_et_pb_use_builder":"on","_et_pb_old_content":"","_et_gb_content_width":"","footnotes":""},"class_list":["post-24613","page","type-page","status-publish","hentry"],"_links":{"self":[{"href":"https:\/\/biarritzbonheur.com\/es\/wp-json\/wp\/v2\/pages\/24613","targetHints":{"allow":["GET"]}}],"collection":[{"href":"https:\/\/biarritzbonheur.com\/es\/wp-json\/wp\/v2\/pages"}],"about":[{"href":"https:\/\/biarritzbonheur.com\/es\/wp-json\/wp\/v2\/types\/page"}],"author":[{"embeddable":true,"href":"https:\/\/biarritzbonheur.com\/es\/wp-json\/wp\/v2\/users\/1"}],"replies":[{"embeddable":true,"href":"https:\/\/biarritzbonheur.com\/es\/wp-json\/wp\/v2\/comments?post=24613"}],"version-history":[{"count":5,"href":"https:\/\/biarritzbonheur.com\/es\/wp-json\/wp\/v2\/pages\/24613\/revisions"}],"predecessor-version":[{"id":24798,"href":"https:\/\/biarritzbonheur.com\/es\/wp-json\/wp\/v2\/pages\/24613\/revisions\/24798"}],"wp:attachment":[{"href":"https:\/\/biarritzbonheur.com\/es\/wp-json\/wp\/v2\/media?parent=24613"}],"curies":[{"name":"wp","href":"https:\/\/api.w.org\/{rel}","templated":true}]}}