{"id":24629,"date":"2025-08-21T15:34:44","date_gmt":"2025-08-21T13:34:44","guid":{"rendered":"https:\/\/biarritzbonheur.com\/eventos-seminarios-grupos-y-privatizacion\/"},"modified":"2025-09-16T11:31:25","modified_gmt":"2025-09-16T09:31:25","slug":"eventos-seminarios-grupos-y-privatizacion","status":"publish","type":"page","link":"https:\/\/biarritzbonheur.com\/es\/eventos-seminarios-grupos-y-privatizacion\/","title":{"rendered":"EVENTOS, SEMINARIOS, GRUPOS Y PRIVATIZACI\u00d3N"},"content":{"rendered":"<p>[et_pb_section fb_built=\u00bb1&#8243; admin_label=\u00bbGalerie\u00bb _builder_version=\u00bb4.27.4&#8243; _module_preset=\u00bbdefault\u00bb background_color=\u00bb#000000&#8243; background_enable_image=\u00bboff\u00bb background_position=\u00bbbottom_center\u00bb height_tablet=\u00bb100px\u00bb height_phone=\u00bb100px\u00bb height_last_edited=\u00bboff|desktop\u00bb custom_margin=\u00bb0px|0px|0px|0px|false|false\u00bb custom_padding=\u00bb0%|0px|0%|0px|true|true\u00bb locked=\u00bboff\u00bb collapsed=\u00bbon\u00bb global_colors_info=\u00bb{}\u00bb][et_pb_row _builder_version=\u00bb4.27.4&#8243; _module_preset=\u00bbdefault\u00bb width_tablet=\u00bb100%\u00bb width_phone=\u00bb100%\u00bb width_last_edited=\u00bbon|tablet\u00bb max_width=\u00bb100%\u00bb module_alignment=\u00bbcenter\u00bb custom_margin=\u00bb0px|0px|0px|0px|false|false\u00bb custom_padding=\u00bb1%|0px|1%|0px|true|false\u00bb global_colors_info=\u00bb{}\u00bb][et_pb_column type=\u00bb4_4&#8243; _builder_version=\u00bb4.27.4&#8243; _module_preset=\u00bbdefault\u00bb custom_padding=\u00bb0%|0%|0%|0%|true|true\u00bb global_colors_info=\u00bb{}\u00bb][et_pb_text _builder_version=\u00bb4.27.4&#8243; _module_preset=\u00bb_initial\u00bb text_font=\u00bb||||||||\u00bb text_text_color=\u00bb#545454&#8243; header_font=\u00bb|300||on|||||\u00bb header_text_align=\u00bbcenter\u00bb header_text_color=\u00bb#FFFFFF\u00bb header_font_size=\u00bb45px\u00bb header_letter_spacing=\u00bb10px\u00bb header_2_font=\u00bb|600|||||||\u00bb header_2_text_color=\u00bb#000000&#8243; header_3_font=\u00bb||||||||\u00bb header_4_font=\u00bb||||||||\u00bb header_5_font=\u00bb||||||||\u00bb header_6_font=\u00bb||||||||\u00bb custom_margin=\u00bb0px|0px|0px|0px|false|false\u00bb custom_padding=\u00bb15px|0px|0px|0px|false|false\u00bb header_font_size_tablet=\u00bb45px\u00bb header_font_size_phone=\u00bb30px\u00bb header_font_size_last_edited=\u00bbon|phone\u00bb header_letter_spacing_tablet=\u00bb5px\u00bb header_letter_spacing_phone=\u00bb5px\u00bb header_letter_spacing_last_edited=\u00bbon|tablet\u00bb header_line_height_tablet=\u00bb\u00bb header_line_height_phone=\u00bb1.1em\u00bb header_line_height_last_edited=\u00bbon|phone\u00bb global_colors_info=\u00bb{}\u00bb]<\/p>\n<h1>EVENTOS Y PRIVATIZACI\u00d3N<\/h1>\n<p>[\/et_pb_text][\/et_pb_column][\/et_pb_row][\/et_pb_section][et_pb_section fb_built=\u00bb1&#8243; _builder_version=\u00bb4.27.4&#8243; _module_preset=\u00bbdefault\u00bb background_enable_mask_style=\u00bbon\u00bb background_mask_style=\u00bbblades\u00bb background_mask_color=\u00bbrgba(163,120,31,0.1)\u00bb background_mask_transform=\u00bbflip_horizontal\u00bb background_mask_aspect_ratio=\u00bbsquare\u00bb background_mask_size=\u00bbcontain\u00bb background_mask_position=\u00bbtop_right\u00bb custom_margin=\u00bb0%|0%|0%|0%|true|true\u00bb custom_padding=\u00bb0px|0px|0px|0px|true|false\u00bb background_last_edited=\u00bbon|tablet\u00bb background_mask_color_tablet=\u00bbRGBA(255,255,255,0)\u00bb background_mask_position_tablet=\u00bbbottom_center\u00bb global_colors_info=\u00bb{}\u00bb][et_pb_row column_structure=\u00bb1_2,1_2&#8243; use_custom_gutter=\u00bbon\u00bb gutter_width=\u00bb1&#8243; make_equal=\u00bbon\u00bb _builder_version=\u00bb4.27.4&#8243; _module_preset=\u00bbdefault\u00bb width_tablet=\u00bb\u00bb width_phone=\u00bb100%\u00bb width_last_edited=\u00bbon|phone\u00bb max_width=\u00bb100%\u00bb max_width_tablet=\u00bb100%\u00bb max_width_phone=\u00bb100%\u00bb max_width_last_edited=\u00bbon|phone\u00bb module_alignment=\u00bbcenter\u00bb custom_margin=\u00bb0px|0%|0px|0%|true|true\u00bb custom_padding=\u00bb0px|0px|0px|0px|true|true\u00bb background_color_phone=\u00bb#FFFFFF\u00bb background_last_edited=\u00bbon|phone\u00bb background_enable_color_phone=\u00bbon\u00bb global_colors_info=\u00bb{}\u00bb][et_pb_column type=\u00bb1_2&#8243; module_class=\u00bbcentrer-verticalement\u00bb _builder_version=\u00bb4.27.4&#8243; _module_preset=\u00bbdefault\u00bb background_enable_image=\u00bboff\u00bb global_colors_info=\u00bb{}\u00bb][et_pb_gallery gallery_ids=\u00bb24630,24631&#8243; fullwidth=\u00bbon\u00bb _builder_version=\u00bb4.27.4&#8243; _module_preset=\u00bbdefault\u00bb auto=\u00bbon\u00bb auto_speed=\u00bb4000&#8243; global_colors_info=\u00bb{}\u00bb][\/et_pb_gallery][\/et_pb_column][et_pb_column type=\u00bb1_2&#8243; module_class=\u00bbcentrer-verticalement\u00bb _builder_version=\u00bb4.27.4&#8243; _module_preset=\u00bbdefault\u00bb background_color=\u00bbrgba(163,120,31,0.05)\u00bb custom_padding=\u00bb|7%||7%|false|true\u00bb custom_padding_tablet=\u00bb7%|7%|7%|7%|true|true\u00bb custom_padding_phone=\u00bb4%|4%|4%|4%|true|true\u00bb custom_padding_last_edited=\u00bbon|phone\u00bb background_color_tablet=\u00bbrgba(163,120,31,0.05)\u00bb background_last_edited=\u00bbon|tablet\u00bb background_enable_color_tablet=\u00bbon\u00bb global_colors_info=\u00bb{}\u00bb][et_pb_text _builder_version=\u00bb4.27.4&#8243; _module_preset=\u00bb_initial\u00bb header_2_font=\u00bb|600||on|||||\u00bb header_2_text_color=\u00bb#A3781F\u00bb header_2_font_size_tablet=\u00bb\u00bb header_2_font_size_phone=\u00bb24px\u00bb header_2_font_size_last_edited=\u00bbon|phone\u00bb header_2_letter_spacing_tablet=\u00bb\u00bb header_2_letter_spacing_phone=\u00bb1px\u00bb header_2_letter_spacing_last_edited=\u00bbon|phone\u00bb global_colors_info=\u00bb{}\u00bb]<\/p>\n<h2>Las comidas de grupo<\/h2>\n<p>[\/et_pb_text][et_pb_text _builder_version=\u00bb4.27.4&#8243; _module_preset=\u00bb_initial\u00bb header_2_text_color=\u00bb#A3781F\u00bb text_line_height_tablet=\u00bb\u00bb text_line_height_phone=\u00bb1.4em\u00bb text_line_height_last_edited=\u00bbon|phone\u00bb global_colors_info=\u00bb{}\u00bb]<\/p>\n<p>El restaurante BIARRITZ BONHEUR le da la bienvenida para comidas de grupo, reuniones familiares, comidas asociativas, aniversarios u otras ocasiones. A partir de 10 personas, le proponemos una f\u00f3rmula completa que permite facilitar el desarrollo de su comida. <\/p>\n<p>[\/et_pb_text][dipl_button _builder_version=\u00bb4.27.4&#8243; _module_preset=\u00bbdefault\u00bb button_font_size=\u00bb16px\u00bb module_alignment=\u00bbright\u00bb custom_margin=\u00bb25px|0px|0px|0px|false|false\u00bb custom_padding=\u00bb0px|0px|0px|0px|false|false\u00bb hover_enabled=\u00bb0&#8243; locked=\u00bboff\u00bb global_colors_info=\u00bb{}\u00bb sticky_enabled=\u00bb0&#8243;][dipl_button_item button_text=\u00bb\u00a1Cont\u00e1ctenos!\u00bb button_url=\u00bb@ET-DC@eyJkeW5hbWljIjp0cnVlLCJjb250ZW50IjoicG9zdF9saW5rX3VybF9wYWdlIiwic2V0dGluZ3MiOnsicG9zdF9pZCI6IjEzMCJ9fQ==@\u00bb background_fill_style=\u00bbwipe_fill\u00bb button_bg_color=\u00bb#A3781F\u00bb button_alignment=\u00bbright\u00bb button_custom_margin=\u00bb0px|0px|0px|0px|false|false\u00bb button_custom_padding=\u00bb10px|20px|10px|20px|true|true\u00bb button_alignment_tablet=\u00bbcenter\u00bb button_alignment_phone=\u00bbcenter\u00bb button_alignment_last_edited=\u00bbon|phone\u00bb _builder_version=\u00bb4.27.4&#8243; _dynamic_attributes=\u00bbbutton_url\u00bb _module_preset=\u00bbdefault\u00bb button_font=\u00bb|600||on|||||\u00bb button_text_color=\u00bb#FFFFFF\u00bb button_font_size=\u00bb16px\u00bb button_letter_spacing=\u00bb1px\u00bb text_orientation=\u00bbcenter\u00bb hover_enabled=\u00bb0&#8243; button_font_size_tablet=\u00bb16px\u00bb button_font_size_phone=\u00bb15px\u00bb button_font_size_last_edited=\u00bbon|phone\u00bb global_colors_info=\u00bb{}\u00bb button_bg_color__hover_enabled=\u00bbon|hover\u00bb button_bg_color__hover=\u00bb#000000&#8243; button_bg_enable_color__hover=\u00bbon\u00bb sticky_enabled=\u00bb0&#8243;][\/dipl_button_item][\/dipl_button][\/et_pb_column][\/et_pb_row][\/et_pb_section][et_pb_section fb_built=\u00bb1&#8243; module_class=\u00bbdc-inverser-colonnes&#8211;section\u00bb _builder_version=\u00bb4.27.4&#8243; _module_preset=\u00bbdefault\u00bb background_enable_mask_style=\u00bbon\u00bb background_mask_style=\u00bbdiagonal-bars-2&#8243; background_mask_color=\u00bbrgba(163,120,31,0.1)\u00bb background_mask_transform=\u00bbinvert\u00bb background_mask_aspect_ratio=\u00bbportrait\u00bb background_mask_size=\u00bbcontain\u00bb background_mask_position=\u00bbcenter_right\u00bb custom_margin=\u00bb0%|0%|0%|0%|true|true\u00bb custom_padding=\u00bb0px|0px|0px|0px|true|false\u00bb background_last_edited=\u00bbon|tablet\u00bb background_mask_color_tablet=\u00bbRGBA(255,255,255,0)\u00bb background_mask_aspect_ratio_tablet=\u00bblandscape\u00bb background_mask_size_tablet=\u00bbstretch\u00bb background_mask_position_tablet=\u00bbcenter\u00bb global_colors_info=\u00bb{}\u00bb][et_pb_row column_structure=\u00bb1_2,1_2&#8243; use_custom_gutter=\u00bbon\u00bb gutter_width=\u00bb1&#8243; make_equal=\u00bbon\u00bb module_class=\u00bbdc-inverser-colonnes&#8211;ligne\u00bb _builder_version=\u00bb4.27.4&#8243; _module_preset=\u00bbdefault\u00bb width_tablet=\u00bb\u00bb width_phone=\u00bb100%\u00bb width_last_edited=\u00bbon|phone\u00bb max_width=\u00bb100%\u00bb custom_padding=\u00bb0px||0px||true|false\u00bb global_colors_info=\u00bb{}\u00bb][et_pb_column type=\u00bb1_2&#8243; module_class=\u00bbcentrer-verticalement\u00bb _builder_version=\u00bb4.27.4&#8243; _module_preset=\u00bbdefault\u00bb background_color=\u00bbrgba(163,120,31,0.05)\u00bb custom_padding=\u00bb|7%||7%|false|true\u00bb custom_padding_tablet=\u00bb7%|7%|7%|7%|true|true\u00bb custom_padding_phone=\u00bb4%|4%|4%|4%|true|true\u00bb custom_padding_last_edited=\u00bbon|phone\u00bb background_color_tablet=\u00bbrgba(163,120,31,0.05)\u00bb background_color_phone=\u00bb#FFFFFF\u00bb background_last_edited=\u00bbon|phone\u00bb background_enable_color_tablet=\u00bbon\u00bb background_enable_color_phone=\u00bbon\u00bb global_colors_info=\u00bb{}\u00bb][et_pb_text _builder_version=\u00bb4.27.4&#8243; _module_preset=\u00bb_initial\u00bb header_2_font=\u00bb|600||on|||||\u00bb header_2_text_color=\u00bb#A3781F\u00bb header_2_font_size_tablet=\u00bb\u00bb header_2_font_size_phone=\u00bb24px\u00bb header_2_font_size_last_edited=\u00bbon|phone\u00bb header_2_letter_spacing_tablet=\u00bb\u00bb header_2_letter_spacing_phone=\u00bb1px\u00bb header_2_letter_spacing_last_edited=\u00bbon|phone\u00bb global_colors_info=\u00bb{}\u00bb]<\/p>\n<h2>Los seminarios<\/h2>\n<p>[\/et_pb_text][et_pb_text _builder_version=\u00bb4.27.4&#8243; _module_preset=\u00bb_initial\u00bb header_2_text_color=\u00bb#A3781F\u00bb custom_padding=\u00bb||0px|||\u00bb text_line_height_tablet=\u00bb\u00bb text_line_height_phone=\u00bb1.4em\u00bb text_line_height_last_edited=\u00bbon|phone\u00bb global_colors_info=\u00bb{}\u00bb]<\/p>\n<p>\u00a1Un seminario con vistas a la Grande Plage de Biarritz! Un lugar ideal para sus seminarios o reuniones de excepci\u00f3n, para encantar a sus equipos o impresionar a sus clientes. <\/p>\n<p>Podemos acoger hasta 40 personas en modo teatro o escuela en el pabell\u00f3n del Rooftop. \u00a1Disfrute de una recepci\u00f3n personalizada con un buf\u00e9 refinado de bebidas calientes, zumos de frutas frescas y refrescos, acompa\u00f1ados de boller\u00eda o pasteles!<\/p>\n<p>Para el almuerzo o la cena, \u00fanase a nuestro restaurante para degustar los platos de la carta.<\/p>\n<p><em>Equipamiento: v\u00eddeo proyecci\u00f3n, gran pantalla LCD, conexi\u00f3n Wifi, panel de papel, micros\u2026<\/em><\/p>\n<p>[\/et_pb_text][dipl_button _builder_version=\u00bb4.27.4&#8243; _module_preset=\u00bbdefault\u00bb button_font_size=\u00bb16px\u00bb module_alignment=\u00bbright\u00bb custom_margin=\u00bb25px|0px|0px|0px|false|false\u00bb custom_padding=\u00bb0px|0px|0px|0px|false|false\u00bb hover_enabled=\u00bb0&#8243; button_font_size_tablet=\u00bb16px\u00bb button_font_size_phone=\u00bb15px\u00bb button_font_size_last_edited=\u00bbon|phone\u00bb locked=\u00bboff\u00bb global_colors_info=\u00bb{}\u00bb sticky_enabled=\u00bb0&#8243;][dipl_button_item button_text=\u00bb\u00a1Cont\u00e1ctenos!\u00bb button_url=\u00bb@ET-DC@eyJkeW5hbWljIjp0cnVlLCJjb250ZW50IjoicG9zdF9saW5rX3VybF9wYWdlIiwic2V0dGluZ3MiOnsicG9zdF9pZCI6IjEzMCJ9fQ==@\u00bb background_fill_style=\u00bbwipe_fill\u00bb button_bg_color=\u00bb#A3781F\u00bb button_alignment=\u00bbright\u00bb button_custom_margin=\u00bb0px|0px|0px|0px|false|false\u00bb button_custom_padding=\u00bb10px|20px|10px|20px|true|true\u00bb button_alignment_tablet=\u00bbcenter\u00bb button_alignment_phone=\u00bbcenter\u00bb button_alignment_last_edited=\u00bbon|phone\u00bb _builder_version=\u00bb4.27.4&#8243; _dynamic_attributes=\u00bbbutton_url\u00bb _module_preset=\u00bbdefault\u00bb button_font=\u00bb|600||on|||||\u00bb button_text_color=\u00bb#FFFFFF\u00bb button_font_size=\u00bb16px\u00bb button_letter_spacing=\u00bb1px\u00bb text_orientation=\u00bbcenter\u00bb hover_enabled=\u00bb0&#8243; button_font_size_tablet=\u00bb16px\u00bb button_font_size_phone=\u00bb15px\u00bb button_font_size_last_edited=\u00bbon|phone\u00bb global_colors_info=\u00bb{}\u00bb button_bg_color__hover_enabled=\u00bbon|hover\u00bb button_bg_color__hover=\u00bb#000000&#8243; button_bg_enable_color__hover=\u00bbon\u00bb sticky_enabled=\u00bb0&#8243;][\/dipl_button_item][\/dipl_button][\/et_pb_column][et_pb_column type=\u00bb1_2&#8243; module_class=\u00bbcentrer-verticalement\u00bb _builder_version=\u00bb4.27.4&#8243; _module_preset=\u00bbdefault\u00bb background_enable_color=\u00bboff\u00bb background_image=\u00bbhttps:\/\/biarritzbonheur.com\/wp-content\/uploads\/2025\/08\/Biarritz-bonheur-3-1.jpg\u00bb background_blend=\u00bbmultiply\u00bb global_colors_info=\u00bb{}\u00bb][et_pb_divider show_divider=\u00bboff\u00bb _builder_version=\u00bb4.27.4&#8243; _module_preset=\u00bbdefault\u00bb custom_padding=\u00bb40%||40%||true|false\u00bb locked=\u00bboff\u00bb global_colors_info=\u00bb{}\u00bb][\/et_pb_divider][\/et_pb_column][\/et_pb_row][\/et_pb_section][et_pb_section fb_built=\u00bb1&#8243; _builder_version=\u00bb4.27.4&#8243; _module_preset=\u00bbdefault\u00bb background_enable_color=\u00bboff\u00bb background_enable_mask_style=\u00bbon\u00bb background_mask_style=\u00bbdiagonal-pills\u00bb background_mask_color=\u00bbrgba(163,120,31,0.1)\u00bb background_mask_transform=\u00bbinvert|flip_horizontal\u00bb background_mask_size=\u00bbcontain\u00bb background_mask_position=\u00bbcenter_right\u00bb custom_margin=\u00bb0%|0%|0%|0%|true|true\u00bb custom_padding=\u00bb0px|0px|0px|0px|true|false\u00bb background_last_edited=\u00bbon|tablet\u00bb background_mask_color_tablet=\u00bbRGBA(255,255,255,0)\u00bb locked=\u00bboff\u00bb global_colors_info=\u00bb{}\u00bb][et_pb_row column_structure=\u00bb1_2,1_2&#8243; use_custom_gutter=\u00bbon\u00bb gutter_width=\u00bb1&#8243; make_equal=\u00bbon\u00bb _builder_version=\u00bb4.27.4&#8243; _module_preset=\u00bbdefault\u00bb width_tablet=\u00bb\u00bb width_phone=\u00bb100%\u00bb width_last_edited=\u00bbon|phone\u00bb max_width=\u00bb100%\u00bb module_alignment=\u00bbcenter\u00bb custom_margin=\u00bb0px|0%|0px|0%|true|true\u00bb custom_padding=\u00bb0px|0px|0px|0px|true|true\u00bb global_colors_info=\u00bb{}\u00bb][et_pb_column type=\u00bb1_2&#8243; module_class=\u00bbcentrer-verticalement\u00bb _builder_version=\u00bb4.27.4&#8243; _module_preset=\u00bbdefault\u00bb background_enable_image=\u00bboff\u00bb global_colors_info=\u00bb{}\u00bb][et_pb_gallery gallery_ids=\u00bb24632,24633,24634,24635,24636&#8243; fullwidth=\u00bbon\u00bb _builder_version=\u00bb4.27.4&#8243; _module_preset=\u00bbdefault\u00bb auto=\u00bbon\u00bb auto_speed=\u00bb4000&#8243; locked=\u00bboff\u00bb global_colors_info=\u00bb{}\u00bb][\/et_pb_gallery][\/et_pb_column][et_pb_column type=\u00bb1_2&#8243; module_class=\u00bbcentrer-verticalement\u00bb _builder_version=\u00bb4.27.4&#8243; _module_preset=\u00bbdefault\u00bb background_color=\u00bbrgba(163,120,31,0.05)\u00bb custom_padding=\u00bb|7%||7%|false|true\u00bb custom_padding_tablet=\u00bb7%|7%|7%|7%|true|true\u00bb custom_padding_phone=\u00bb4%|4%|4%|4%|true|true\u00bb custom_padding_last_edited=\u00bbon|phone\u00bb background_color_phone=\u00bb#FFFFFF\u00bb background_last_edited=\u00bbon|phone\u00bb background_enable_color_phone=\u00bbon\u00bb global_colors_info=\u00bb{}\u00bb][et_pb_text _builder_version=\u00bb4.27.4&#8243; _module_preset=\u00bb_initial\u00bb header_2_font=\u00bb|600||on|||||\u00bb header_2_text_color=\u00bb#A3781F\u00bb header_2_font_size_tablet=\u00bb\u00bb header_2_font_size_phone=\u00bb24px\u00bb header_2_font_size_last_edited=\u00bbon|phone\u00bb header_2_letter_spacing_tablet=\u00bb\u00bb header_2_letter_spacing_phone=\u00bb1px\u00bb header_2_letter_spacing_last_edited=\u00bbon|phone\u00bb header_2_line_height_tablet=\u00bb\u00bb header_2_line_height_phone=\u00bb1.1em\u00bb header_2_line_height_last_edited=\u00bbon|phone\u00bb global_colors_info=\u00bb{}\u00bb]<\/p>\n<h2>Eventos, bodas y privatizaciones<\/h2>\n<p>[\/et_pb_text][et_pb_text _builder_version=\u00bb4.27.4&#8243; _module_preset=\u00bb_initial\u00bb header_2_text_color=\u00bb#A3781F\u00bb text_line_height_tablet=\u00bb\u00bb text_line_height_phone=\u00bb1.4em\u00bb text_line_height_last_edited=\u00bbon|phone\u00bb global_colors_info=\u00bb{}\u00bb]\u00a1Dele magia a sus recepciones y haga vivir a sus invitados una experiencia \u00fanica! Con el panorama encantador desde el Rooftop y el marco excepcional del restaurante, marcar\u00e1 los esp\u00edritus para dejar un recuerdo imborrable.<\/p>\n<p>El pabell\u00f3n del rooftop y su terraza privativa con su vista impresionante sobre la ciudad imperial pueden acoger cenas o c\u00f3cteles hasta 80 invitados, as\u00ed como conciertos privados, DJ\u2026<\/p>\n<p>En privatizaci\u00f3n total con el restaurante, BIARRITZ BONHEUR propone tambi\u00e9n f\u00f3rmulas a medida y prestaciones de calidad para animar y lograr el \u00e9xito de su evento hasta 100 personas en formato sentado.<\/p>\n<p>Eventos, lanzamientos de productos, aniversarios, bodas: \u00a1disfrute de un entorno id\u00edlico, de un servicio de excelencia, de una cocina aut\u00e9ntica y elegante para realzar su momento![\/et_pb_text][dipl_button _builder_version=\u00bb4.27.4&#8243; _module_preset=\u00bbdefault\u00bb button_font_size=\u00bb16px\u00bb module_alignment=\u00bbright\u00bb custom_margin=\u00bb25px|0px|0px|0px|false|false\u00bb custom_padding=\u00bb0px|0px|0px|0px|false|false\u00bb hover_enabled=\u00bb0&#8243; button_font_size_tablet=\u00bb16px\u00bb button_font_size_phone=\u00bb15px\u00bb button_font_size_last_edited=\u00bbon|phone\u00bb locked=\u00bboff\u00bb global_colors_info=\u00bb{}\u00bb sticky_enabled=\u00bb0&#8243;][dipl_button_item button_text=\u00bb\u00a1Cont\u00e1ctenos!\u00bb button_url=\u00bb@ET-DC@eyJkeW5hbWljIjp0cnVlLCJjb250ZW50IjoicG9zdF9saW5rX3VybF9wYWdlIiwic2V0dGluZ3MiOnsicG9zdF9pZCI6IjEzMCJ9fQ==@\u00bb background_fill_style=\u00bbwipe_fill\u00bb button_bg_color=\u00bb#A3781F\u00bb button_alignment=\u00bbright\u00bb button_custom_margin=\u00bb0px|0px|0px|0px|false|false\u00bb button_custom_padding=\u00bb10px|20px|10px|20px|true|true\u00bb button_alignment_tablet=\u00bbcenter\u00bb button_alignment_phone=\u00bbcenter\u00bb button_alignment_last_edited=\u00bbon|phone\u00bb _builder_version=\u00bb4.27.4&#8243; _dynamic_attributes=\u00bbbutton_url\u00bb _module_preset=\u00bbdefault\u00bb button_font=\u00bb|600||on|||||\u00bb button_text_color=\u00bb#FFFFFF\u00bb button_font_size=\u00bb16px\u00bb button_letter_spacing=\u00bb1px\u00bb text_orientation=\u00bbcenter\u00bb hover_enabled=\u00bb0&#8243; global_colors_info=\u00bb{}\u00bb button_bg_color__hover_enabled=\u00bbon|hover\u00bb button_bg_color__hover=\u00bb#000000&#8243; button_bg_enable_color__hover=\u00bbon\u00bb sticky_enabled=\u00bb0&#8243;][\/dipl_button_item][\/dipl_button][\/et_pb_column][\/et_pb_row][\/et_pb_section]<\/p>\n","protected":false},"excerpt":{"rendered":"<p>EVENTOS Y PRIVATIZACI\u00d3NLas comidas de grupoEl restaurante BIARRITZ BONHEUR le da la bienvenida para comidas de grupo, reuniones familiares, comidas asociativas, aniversarios u otras ocasiones. A partir de 10 personas, le proponemos una f\u00f3rmula completa que permite facilitar el desarrollo de su comida. <div class=\"et_pb_module dipl_button dipl_button_0\">\n\t\t\t\t\n\t\t\t\t\n\t\t\t\t\n\t\t\t\t\n\t\t\t\t\n\t\t\t\t\n\t\t\t\t<div class=\"et_pb_module_inner\">\n\t\t\t\t\t\n\t\t\t\t<\/div>\n\t\t\t<\/div><div class=\"et_pb_module dipl_button_item dipl_button_item_0\">\n\t\t\t\t\n\t\t\t\t\n\t\t\t\t\n\t\t\t\t\n\t\t\t\t\n\t\t\t\t\n\t\t\t\t<div class=\"et_pb_module_inner\">\n\t\t\t\t\t<div class=\"dipl_button_wrapper dipl_button_classic\"><a class=\"dipl_button_link dipl_button_default_fill\" href=\"\" target=\"_self\"><span class=\"dipl_button_text\">\u00bb\u00a1Cont\u00e1ctenos!\u00bb<\/span><\/a><\/div>\n\t\t\t\t<\/div>\n\t\t\t<\/div><\/p>\n","protected":false},"author":1,"featured_media":0,"parent":0,"menu_order":0,"comment_status":"closed","ping_status":"closed","template":"","meta":{"_seopress_robots_primary_cat":"","_seopress_titles_title":"Comidas de grupo, Privatizaciones, Seminarios, Eventos","_seopress_titles_desc":"Comidas de grupo, eventos, seminarios, privatizaciones: \u00a1un entorno id\u00edlico, un servicio de excelencia, una cocina aut\u00e9ntica para realzar su momento!","_seopress_robots_index":"","_et_pb_use_builder":"on","_et_pb_old_content":"","_et_gb_content_width":"","footnotes":""},"class_list":["post-24629","page","type-page","status-publish","hentry"],"_links":{"self":[{"href":"https:\/\/biarritzbonheur.com\/es\/wp-json\/wp\/v2\/pages\/24629","targetHints":{"allow":["GET"]}}],"collection":[{"href":"https:\/\/biarritzbonheur.com\/es\/wp-json\/wp\/v2\/pages"}],"about":[{"href":"https:\/\/biarritzbonheur.com\/es\/wp-json\/wp\/v2\/types\/page"}],"author":[{"embeddable":true,"href":"https:\/\/biarritzbonheur.com\/es\/wp-json\/wp\/v2\/users\/1"}],"replies":[{"embeddable":true,"href":"https:\/\/biarritzbonheur.com\/es\/wp-json\/wp\/v2\/comments?post=24629"}],"version-history":[{"count":9,"href":"https:\/\/biarritzbonheur.com\/es\/wp-json\/wp\/v2\/pages\/24629\/revisions"}],"predecessor-version":[{"id":24788,"href":"https:\/\/biarritzbonheur.com\/es\/wp-json\/wp\/v2\/pages\/24629\/revisions\/24788"}],"wp:attachment":[{"href":"https:\/\/biarritzbonheur.com\/es\/wp-json\/wp\/v2\/media?parent=24629"}],"curies":[{"name":"wp","href":"https:\/\/api.w.org\/{rel}","templated":true}]}}