{"id":24642,"date":"2025-08-21T15:34:50","date_gmt":"2025-08-21T13:34:50","guid":{"rendered":"https:\/\/biarritzbonheur.com\/la-historia\/"},"modified":"2025-09-16T10:07:28","modified_gmt":"2025-09-16T08:07:28","slug":"la-historia","status":"publish","type":"page","link":"https:\/\/biarritzbonheur.com\/es\/la-historia\/","title":{"rendered":"LA HISTORIA"},"content":{"rendered":"<p>[et_pb_section fb_built=\u00bb1&#8243; admin_label=\u00bbGalerie\u00bb _builder_version=\u00bb4.27.4&#8243; _module_preset=\u00bbdefault\u00bb background_color=\u00bb#A3781F\u00bb background_enable_image=\u00bboff\u00bb background_position=\u00bbbottom_center\u00bb height_tablet=\u00bb100px\u00bb height_phone=\u00bb100px\u00bb height_last_edited=\u00bboff|desktop\u00bb custom_margin=\u00bb0px|0px|0px|0px|false|false\u00bb custom_padding=\u00bb0%|0px|0%|0px|true|true\u00bb locked=\u00bboff\u00bb collapsed=\u00bbon\u00bb global_colors_info=\u00bb{}\u00bb][et_pb_row _builder_version=\u00bb4.27.4&#8243; _module_preset=\u00bbdefault\u00bb width_tablet=\u00bb\u00bb width_phone=\u00bb100%\u00bb width_last_edited=\u00bbon|phone\u00bb module_alignment=\u00bbcenter\u00bb custom_margin=\u00bb0px|0px|0px|0px|false|false\u00bb custom_padding=\u00bb1%|0px|1%|0px|true|false\u00bb global_colors_info=\u00bb{}\u00bb][et_pb_column type=\u00bb4_4&#8243; _builder_version=\u00bb4.27.4&#8243; _module_preset=\u00bbdefault\u00bb custom_padding=\u00bb0%|0%|0%|0%|true|true\u00bb global_colors_info=\u00bb{}\u00bb][et_pb_text _builder_version=\u00bb4.27.4&#8243; _module_preset=\u00bb_initial\u00bb text_font=\u00bb||||||||\u00bb text_text_color=\u00bb#545454&#8243; header_font=\u00bb|300||on|||||\u00bb header_text_align=\u00bbcenter\u00bb header_text_color=\u00bb#FFFFFF\u00bb header_font_size=\u00bb45px\u00bb header_letter_spacing=\u00bb15px\u00bb header_2_font=\u00bb|600|||||||\u00bb header_2_text_color=\u00bb#000000&#8243; header_3_font=\u00bb||||||||\u00bb header_4_font=\u00bb||||||||\u00bb header_5_font=\u00bb||||||||\u00bb header_6_font=\u00bb||||||||\u00bb custom_margin=\u00bb0px|0px|0px|0px|false|false\u00bb custom_padding=\u00bb15px|0px|0px|0px|false|false\u00bb header_font_size_tablet=\u00bb45px\u00bb header_font_size_phone=\u00bb30px\u00bb header_font_size_last_edited=\u00bbon|phone\u00bb header_letter_spacing_tablet=\u00bb15px\u00bb header_letter_spacing_phone=\u00bb10px\u00bb header_letter_spacing_last_edited=\u00bbon|phone\u00bb global_colors_info=\u00bb{}\u00bb]<\/p>\n<h1>La historia<\/h1>\n<p>[\/et_pb_text][\/et_pb_column][\/et_pb_row][\/et_pb_section][et_pb_section fb_built=\u00bb1&#8243; _builder_version=\u00bb4.27.4&#8243; _module_preset=\u00bbdefault\u00bb background_enable_color=\u00bboff\u00bb custom_padding=\u00bb0px||0px||true|false\u00bb global_colors_info=\u00bb{}\u00bb][et_pb_row column_structure=\u00bb1_2,1_2&#8243; use_custom_gutter=\u00bbon\u00bb gutter_width=\u00bb1&#8243; make_equal=\u00bbon\u00bb custom_padding_last_edited=\u00bbon|tablet\u00bb _builder_version=\u00bb4.27.4&#8243; _module_preset=\u00bbdefault\u00bb width=\u00bb100%\u00bb max_width=\u00bb100%\u00bb custom_padding=\u00bb0px||0px||true|false\u00bb custom_padding_tablet=\u00bb25px||||false|false\u00bb custom_padding_phone=\u00bb25px||||false|false\u00bb global_colors_info=\u00bb{}\u00bb][et_pb_column type=\u00bb1_2&#8243; module_class=\u00bbcentrer-verticalement\u00bb _builder_version=\u00bb4.27.4&#8243; _module_preset=\u00bbdefault\u00bb custom_padding_tablet=\u00bb||25px||false|false\u00bb custom_padding_phone=\u00bb||25px||false|false\u00bb custom_padding_last_edited=\u00bbon|tablet\u00bb global_colors_info=\u00bb{}\u00bb][et_pb_image src=\u00bbhttps:\/\/biarritzbonheur.com\/wp-content\/uploads\/2025\/08\/Ouverture-2.svg\u00bb alt=\u00bbApertura\u00bb title_text=\u00bbApertura\u00bb _builder_version=\u00bb4.27.4&#8243; _module_preset=\u00bbdefault\u00bb width=\u00bb30%\u00bb width_tablet=\u00bb30%\u00bb width_phone=\u00bb35%\u00bb width_last_edited=\u00bbon|tablet\u00bb custom_padding=\u00bb|||22%|false|false\u00bb global_colors_info=\u00bb{}\u00bb][\/et_pb_image][et_pb_text _builder_version=\u00bb4.27.4&#8243; _module_preset=\u00bb_initial\u00bb text_letter_spacing=\u00bb1px\u00bb header_2_text_color=\u00bb#A3781F\u00bb background_enable_color=\u00bboff\u00bb text_orientation=\u00bbcenter\u00bb custom_padding=\u00bb50px|23%|50px|23%|true|true\u00bb custom_padding_tablet=\u00bb25px|5%|25px|5%|true|true\u00bb custom_padding_phone=\u00bb20px|5%|20px|5%|true|true\u00bb custom_padding_last_edited=\u00bbon|tablet\u00bb text_font_size_tablet=\u00bb\u00bb text_font_size_phone=\u00bb14px\u00bb text_font_size_last_edited=\u00bbon|phone\u00bb text_letter_spacing_tablet=\u00bb0px\u00bb text_letter_spacing_phone=\u00bb0px\u00bb text_letter_spacing_last_edited=\u00bbon|tablet\u00bb text_line_height_tablet=\u00bb\u00bb text_line_height_phone=\u00bb1.4em\u00bb text_line_height_last_edited=\u00bbon|phone\u00bb global_colors_info=\u00bb{}\u00bb]<\/p>\n<p>En 1894, Biarritz, reina de las playas y playa de los reyes, acoge un nuevo templo del lujo y de la moda, en la plaza de la Libertad, hoy renombrada plaza Clemenceau.<\/p>\n<p><strong>\u00abBiarritz Bonheur\u00bb abre sus puertas en los vastos locales contiguos a la estaci\u00f3n del BAB.<\/strong><\/p>\n<p>Biarritz Bonheur se ampl\u00eda y se muda. El nuevo almac\u00e9n se inaugura el 5 de agosto de 1903. A principios del siglo XX<sup>\u00e8<\/sup>, la Sociedad Francesa de las Nuevas Galer\u00edas compra la marca.<br \/>Se instaurar\u00e1n numerosas reformas arquitect\u00f3nicas.  <\/p>\n<p>En 1999, la marca Galeries Lafayette se a\u00f1ade al nombre del centro. Pero el nombre Biarritz Bonheur sigue resonando en el coraz\u00f3n de los habitantes de Biarritz. <\/p>\n<p>[\/et_pb_text][et_pb_image src=\u00bbhttps:\/\/biarritzbonheur.com\/wp-content\/uploads\/2025\/08\/Fermeture-2.svg\u00bb alt=\u00bbCierre\u00bb title_text=\u00bbCierre\u00bb align=\u00bbright\u00bb _builder_version=\u00bb4.27.4&#8243; _module_preset=\u00bbdefault\u00bb width=\u00bb30%\u00bb width_tablet=\u00bb30%\u00bb width_phone=\u00bb35%\u00bb width_last_edited=\u00bbon|tablet\u00bb custom_padding=\u00bb|22%|||false|false\u00bb global_colors_info=\u00bb{}\u00bb][\/et_pb_image][\/et_pb_column][et_pb_column type=\u00bb1_2&#8243; _builder_version=\u00bb4.27.4&#8243; _module_preset=\u00bbdefault\u00bb background_color=\u00bb#000000&#8243; custom_padding=\u00bb3%|2%|3%|2%|true|true\u00bb global_colors_info=\u00bb{}\u00bb][et_pb_gallery gallery_ids=\u00bb24643,24644,24645,24646,24647,24648,24649,24650&#8243; fullwidth=\u00bbon\u00bb _builder_version=\u00bb4.27.4&#8243; _module_preset=\u00bbdefault\u00bb custom_padding=\u00bb|3%||3%|false|true\u00bb auto=\u00bbon\u00bb auto_speed=\u00bb4000&#8243; global_colors_info=\u00bb{}\u00bb][\/et_pb_gallery][\/et_pb_column][\/et_pb_row][\/et_pb_section][et_pb_section fb_built=\u00bb1&#8243; module_class=\u00bbdc-inverser-colonnes&#8211;section\u00bb _builder_version=\u00bb4.27.4&#8243; _module_preset=\u00bbdefault\u00bb background_color=\u00bb#FFFFFF\u00bb custom_padding=\u00bb0px||0px||true|false\u00bb global_colors_info=\u00bb{}\u00bb][et_pb_row column_structure=\u00bb1_2,1_2&#8243; use_custom_gutter=\u00bbon\u00bb gutter_width=\u00bb1&#8243; make_equal=\u00bbon\u00bb module_class=\u00bbdc-inverser-colonnes&#8211;ligne\u00bb _builder_version=\u00bb4.27.4&#8243; _module_preset=\u00bbdefault\u00bb width=\u00bb100%\u00bb max_width=\u00bb100%\u00bb custom_padding=\u00bb0%|0%|0%|0%|true|true\u00bb global_colors_info=\u00bb{}\u00bb][et_pb_column type=\u00bb1_2&#8243; _builder_version=\u00bb4.27.4&#8243; _module_preset=\u00bbdefault\u00bb background_color=\u00bb#000000&#8243; custom_padding=\u00bb3%|3%|3%|3%|true|true\u00bb global_colors_info=\u00bb{}\u00bb][dipl_masonry_gallery image_ids=\u00bb145,148,147,146,149,150,151,154,152,153&#8243; number_of_columns=\u00bb3&#8243; image_size=\u00bbfull\u00bb enable_lightbox=\u00bbon\u00bb enable_overlay=\u00bbon\u00bb overlay_icon=\u00bb&#xf06e;||fa||400&#8243; lightbox_background_color=\u00bbrgba(0,0,0,0.9)\u00bb overlay_icon_size=\u00bb24px\u00bb overlay_icon_color=\u00bb#FFFFFF\u00bb overlay_color=\u00bbrgba(0,0,0,0.7)\u00bb number_of_columns_tablet=\u00bb3&#8243; number_of_columns_phone=\u00bb2&#8243; number_of_columns_last_edited=\u00bbon|phone\u00bb _builder_version=\u00bb4.27.4&#8243; _module_preset=\u00bbdefault\u00bb width=\u00bb80%\u00bb width_tablet=\u00bb80%\u00bb width_phone=\u00bb100%\u00bb width_last_edited=\u00bbon|phone\u00bb module_alignment=\u00bbcenter\u00bb custom_padding=\u00bb0px|0px|0px|0px|true|true\u00bb global_colors_info=\u00bb{}\u00bb][\/dipl_masonry_gallery][\/et_pb_column][et_pb_column type=\u00bb1_2&#8243; module_class=\u00bbcentrer-verticalement\u00bb _builder_version=\u00bb4.27.4&#8243; _module_preset=\u00bbdefault\u00bb custom_padding_tablet=\u00bb25px||25px||true|false\u00bb custom_padding_phone=\u00bb25px||25px||true|false\u00bb custom_padding_last_edited=\u00bbon|tablet\u00bb global_colors_info=\u00bb{}\u00bb][et_pb_image src=\u00bbhttps:\/\/biarritzbonheur.com\/wp-content\/uploads\/2025\/08\/Ouverture-2.svg\u00bb alt=\u00bbApertura\u00bb title_text=\u00bbApertura\u00bb _builder_version=\u00bb4.27.4&#8243; _module_preset=\u00bbdefault\u00bb width=\u00bb30%\u00bb width_tablet=\u00bb30%\u00bb width_phone=\u00bb35%\u00bb width_last_edited=\u00bbon|tablet\u00bb custom_padding=\u00bb|||22%|false|false\u00bb locked=\u00bboff\u00bb global_colors_info=\u00bb{}\u00bb][\/et_pb_image][et_pb_text _builder_version=\u00bb4.27.4&#8243; _module_preset=\u00bb_initial\u00bb text_letter_spacing=\u00bb1px\u00bb header_2_text_color=\u00bb#A3781F\u00bb background_enable_color=\u00bboff\u00bb text_orientation=\u00bbcenter\u00bb custom_padding=\u00bb50px|23%|50px|23%|true|true\u00bb custom_padding_tablet=\u00bb25px|5%|25px|5%|true|true\u00bb custom_padding_phone=\u00bb20px|5%|20px|5%|true|true\u00bb custom_padding_last_edited=\u00bbon|tablet\u00bb scroll_vertical_motion=\u00bb0|30|70|100|2|0|-2&#8243; text_font_size_tablet=\u00bb\u00bb text_font_size_phone=\u00bb14px\u00bb text_font_size_last_edited=\u00bbon|phone\u00bb text_letter_spacing_tablet=\u00bb0px\u00bb text_letter_spacing_phone=\u00bb0px\u00bb text_letter_spacing_last_edited=\u00bbon|tablet\u00bb text_line_height_tablet=\u00bb\u00bb text_line_height_phone=\u00bb1.4em\u00bb text_line_height_last_edited=\u00bbon|phone\u00bb global_colors_info=\u00bb{}\u00bb]<\/p>\n<p>Estilo art d\u00e9co, madera, vigas met\u00e1licas, cobre reluciente, escalera central y ascensores: el lugar se convierte en el templo de la magnificencia. En cuanto al merchandising, se instalan vitrinas lujosas en la planta baja. <\/p>\n<p>En la segunda planta se organizan exposiciones culturales sobre pa\u00edses extranjeros.<\/p>\n<p>Para los empleados, el uniforme es obligatorio: falda plisada por debajo de la rodilla, blusa blanca o c\u00e1rdigan y zapatos azul marino o negros. Tanto el saber hacer como el saber estar son imprescindibles. <\/p>\n<p>La tienda propone mobiliario, vajilla, droguer\u00eda y ferreter\u00eda, pero tambi\u00e9n una secci\u00f3n dedicada a la ropa y tejidos blancos, una mercer\u00eda, una secci\u00f3n de confecci\u00f3n y un espacio dedicado a la prueba. M\u00e1s tarde se abrir\u00e1 una secci\u00f3n de alimentaci\u00f3n en autoservicio. <\/p>\n<p>[\/et_pb_text][et_pb_image src=\u00bbhttps:\/\/biarritzbonheur.com\/wp-content\/uploads\/2025\/08\/Fermeture-2.svg\u00bb alt=\u00bbCierre\u00bb title_text=\u00bbCierre\u00bb align=\u00bbright\u00bb _builder_version=\u00bb4.27.4&#8243; _module_preset=\u00bbdefault\u00bb width=\u00bb30%\u00bb width_tablet=\u00bb30%\u00bb width_phone=\u00bb35%\u00bb width_last_edited=\u00bbon|tablet\u00bb custom_padding=\u00bb|22%|||false|false\u00bb locked=\u00bboff\u00bb global_colors_info=\u00bb{}\u00bb][\/et_pb_image][\/et_pb_column][\/et_pb_row][\/et_pb_section][et_pb_section fb_built=\u00bb1&#8243; _builder_version=\u00bb4.27.4&#8243; _module_preset=\u00bbdefault\u00bb background_enable_color=\u00bboff\u00bb custom_padding=\u00bb0px||0px||true|false\u00bb global_colors_info=\u00bb{}\u00bb][et_pb_row column_structure=\u00bb1_2,1_2&#8243; use_custom_gutter=\u00bbon\u00bb gutter_width=\u00bb1&#8243; make_equal=\u00bbon\u00bb _builder_version=\u00bb4.27.4&#8243; _module_preset=\u00bbdefault\u00bb width=\u00bb100%\u00bb max_width=\u00bb100%\u00bb custom_padding=\u00bb0px||0px||false|false\u00bb global_colors_info=\u00bb{}\u00bb][et_pb_column type=\u00bb1_2&#8243; module_class=\u00bbcentrer-verticalement\u00bb _builder_version=\u00bb4.27.4&#8243; _module_preset=\u00bbdefault\u00bb custom_padding_tablet=\u00bb25px||25px||true|false\u00bb custom_padding_phone=\u00bb25px||25px||true|false\u00bb custom_padding_last_edited=\u00bbon|tablet\u00bb global_colors_info=\u00bb{}\u00bb][et_pb_image src=\u00bbhttps:\/\/biarritzbonheur.com\/wp-content\/uploads\/2025\/08\/Ouverture-2.svg\u00bb alt=\u00bbApertura\u00bb title_text=\u00bbApertura\u00bb _builder_version=\u00bb4.27.4&#8243; _module_preset=\u00bbdefault\u00bb width=\u00bb30%\u00bb width_tablet=\u00bb30%\u00bb width_phone=\u00bb35%\u00bb width_last_edited=\u00bbon|tablet\u00bb custom_padding=\u00bb|||22%|false|false\u00bb locked=\u00bboff\u00bb global_colors_info=\u00bb{}\u00bb][\/et_pb_image][et_pb_text _builder_version=\u00bb4.27.4&#8243; _module_preset=\u00bb_initial\u00bb text_letter_spacing=\u00bb1px\u00bb header_2_text_color=\u00bb#A3781F\u00bb background_enable_color=\u00bboff\u00bb text_orientation=\u00bbcenter\u00bb custom_padding=\u00bb50px|23%|50px|23%|true|true\u00bb custom_padding_tablet=\u00bb25px|5%|25px|5%|true|true\u00bb custom_padding_phone=\u00bb20px|5%|20px|5%|true|true\u00bb custom_padding_last_edited=\u00bbon|tablet\u00bb scroll_vertical_motion=\u00bb0|30|70|100|2|0|-2&#8243; text_font_size_tablet=\u00bb\u00bb text_font_size_phone=\u00bb14px\u00bb text_font_size_last_edited=\u00bbon|phone\u00bb text_letter_spacing_tablet=\u00bb0px\u00bb text_letter_spacing_phone=\u00bb0px\u00bb text_letter_spacing_last_edited=\u00bbon|tablet\u00bb text_line_height_tablet=\u00bb\u00bb text_line_height_phone=\u00bb1.4em\u00bb text_line_height_last_edited=\u00bbon|phone\u00bb global_colors_info=\u00bb{}\u00bb]<\/p>\n<p>Biarritz entr\u00f3 en la historia de la moda cuando la emperatriz Eugenia, esposa de Napole\u00f3n III, la convirti\u00f3 en su lugar de veraneo en 1854. Esta presencia imperial atrajo a la \u00e9lite europea, transformando Biarritz en un lugar de tendencia donde la alta sociedad exhib\u00eda sus mejores galas. <\/p>\n<p>Biarritz atrae a los m\u00e1s grandes nombres de la alta costura. Poiret, Chanel, Vionnet, Lanvin, Herm\u00e8s, Rochas, Balenciaga y Courr\u00e8ges han vestido as\u00ed a la clientela insaciable de fiestas lujosas que animaban la Ciudad Imperial. <\/p>\n<p>Coco Chanel abri\u00f3 su primera tienda fuera de Par\u00eds en 1915, consolidando el estatus de Biarritz como ciudad de moda.<\/p>\n<p>Hoy en d\u00eda, este rico legado perdura a trav\u00e9s de sus boutiques de lujo y sus eventos de moda.<\/p>\n<p>[\/et_pb_text][et_pb_image src=\u00bbhttps:\/\/biarritzbonheur.com\/wp-content\/uploads\/2025\/08\/Fermeture-2.svg\u00bb alt=\u00bbCierre\u00bb title_text=\u00bbCierre\u00bb align=\u00bbright\u00bb _builder_version=\u00bb4.27.4&#8243; _module_preset=\u00bbdefault\u00bb width=\u00bb30%\u00bb width_tablet=\u00bb30%\u00bb width_phone=\u00bb35%\u00bb width_last_edited=\u00bbon|tablet\u00bb custom_padding=\u00bb|22%|||false|false\u00bb locked=\u00bboff\u00bb global_colors_info=\u00bb{}\u00bb][\/et_pb_image][\/et_pb_column][et_pb_column type=\u00bb1_2&#8243; _builder_version=\u00bb4.27.4&#8243; _module_preset=\u00bbdefault\u00bb background_color=\u00bb#000000&#8243; custom_padding=\u00bb3%|3%|3%|3%|true|true\u00bb global_colors_info=\u00bb{}\u00bb][dipl_masonry_gallery image_ids=\u00bb156,157,158,159,160,163,161,165,162,164&#8243; number_of_columns=\u00bb3&#8243; image_size=\u00bbfull\u00bb enable_lightbox=\u00bbon\u00bb enable_overlay=\u00bbon\u00bb overlay_icon=\u00bb&#xf06e;||fa||400&#8243; lightbox_background_color=\u00bbrgba(0,0,0,0.9)\u00bb overlay_icon_size=\u00bb24px\u00bb overlay_icon_color=\u00bb#FFFFFF\u00bb overlay_color=\u00bbrgba(0,0,0,0.7)\u00bb number_of_columns_tablet=\u00bb3&#8243; number_of_columns_phone=\u00bb2&#8243; number_of_columns_last_edited=\u00bbon|phone\u00bb _builder_version=\u00bb4.27.4&#8243; _module_preset=\u00bbdefault\u00bb width=\u00bb65%\u00bb width_tablet=\u00bb65%\u00bb width_phone=\u00bb100%\u00bb width_last_edited=\u00bbon|phone\u00bb module_alignment=\u00bbcenter\u00bb custom_padding=\u00bb0px|0px|0px|0px|true|true\u00bb locked=\u00bboff\u00bb global_colors_info=\u00bb{}\u00bb][\/dipl_masonry_gallery][\/et_pb_column][\/et_pb_row][\/et_pb_section][et_pb_section fb_built=\u00bb1&#8243; custom_padding_last_edited=\u00bbon|tablet\u00bb _builder_version=\u00bb4.27.4&#8243; _module_preset=\u00bbdefault\u00bb background_color=\u00bbrgba(163,120,31,0.1)\u00bb custom_padding=\u00bb1%||1%||true|false\u00bb custom_padding_tablet=\u00bb3%||3%||true|false\u00bb custom_padding_phone=\u00bb3%||3%||true|false\u00bb global_colors_info=\u00bb{}\u00bb][et_pb_row _builder_version=\u00bb4.27.4&#8243; _module_preset=\u00bbdefault\u00bb global_colors_info=\u00bb{}\u00bb][et_pb_column type=\u00bb4_4&#8243; _builder_version=\u00bb4.27.4&#8243; _module_preset=\u00bbdefault\u00bb global_colors_info=\u00bb{}\u00bb][dipl_button inline_buttons=\u00bbon\u00bb buttons_alignment=\u00bbcenter\u00bb _builder_version=\u00bb4.27.4&#8243; _module_preset=\u00bbdefault\u00bb button_font=\u00bb|600||on|||||\u00bb button_text_color=\u00bb#FFFFFF\u00bb button_letter_spacing=\u00bb1px\u00bb custom_margin=\u00bb0px|0px|0px|0px|false|false\u00bb custom_padding=\u00bb0px|0px|0px|0px|true|true\u00bb hover_enabled=\u00bb0&#8243; locked=\u00bboff\u00bb global_colors_info=\u00bb{}\u00bb sticky_enabled=\u00bb0&#8243;][dipl_button_item button_type=\u00bbconversion\u00bb button_text=\u00bbRESERVA\u00bb button_url=\u00bbhttps:\/\/bookings.zenchef.com\/results?rid=373871&#038;pid=1001&#8243; url_new_window=\u00bbon\u00bb background_fill_style=\u00bbwipe_fill\u00bb button_bg_color=\u00bb#A3781F\u00bb button_custom_margin=\u00bb0px|15px|0px|0px|false|false\u00bb button_custom_padding=\u00bb10px|25px|10px|25px|false|true\u00bb _builder_version=\u00bb4.27.4&#8243; _module_preset=\u00bbdefault\u00bb button_font=\u00bb|||on|||||\u00bb hover_enabled=\u00bb0&#8243; global_colors_info=\u00bb{}\u00bb button_bg_color__hover_enabled=\u00bbon|hover\u00bb button_bg_color__hover=\u00bb#000000&#8243; button_bg_enable_color__hover=\u00bbon\u00bb button_text_color__hover_enabled=\u00bbon|hover\u00bb button_text_color__hover=\u00bb#FFFFFF\u00bb sticky_enabled=\u00bb0&#8243;][\/dipl_button_item][\/dipl_button][\/et_pb_column][\/et_pb_row][\/et_pb_section]<\/p>\n","protected":false},"excerpt":{"rendered":"<p>La historiaEn 1894, Biarritz, reina de las playas y playa de los reyes, acoge un nuevo templo del lujo y de la moda, en la plaza de la Libertad, hoy renombrada plaza Clemenceau. \u00abBiarritz Bonheur\u00bb abre sus puertas en los vastos locales contiguos a la estaci\u00f3n del BAB. Biarritz Bonheur se ampl\u00eda y se muda. [&hellip;]<\/p>\n","protected":false},"author":1,"featured_media":0,"parent":0,"menu_order":0,"comment_status":"closed","ping_status":"closed","template":"","meta":{"_seopress_robots_primary_cat":"","_seopress_titles_title":"BIARRITZ BONHEUR, un lugar cargado de historia","_seopress_titles_desc":"Descubre la historia de BIARRITZ BONHEUR: un lugar que ha atravesado las \u00e9pocas, una referencia a la moda y a las Galer\u00edas Lafayette arraigada en la ciudad imperial.","_seopress_robots_index":"","_et_pb_use_builder":"on","_et_pb_old_content":"","_et_gb_content_width":"","footnotes":""},"class_list":["post-24642","page","type-page","status-publish","hentry"],"_links":{"self":[{"href":"https:\/\/biarritzbonheur.com\/es\/wp-json\/wp\/v2\/pages\/24642","targetHints":{"allow":["GET"]}}],"collection":[{"href":"https:\/\/biarritzbonheur.com\/es\/wp-json\/wp\/v2\/pages"}],"about":[{"href":"https:\/\/biarritzbonheur.com\/es\/wp-json\/wp\/v2\/types\/page"}],"author":[{"embeddable":true,"href":"https:\/\/biarritzbonheur.com\/es\/wp-json\/wp\/v2\/users\/1"}],"replies":[{"embeddable":true,"href":"https:\/\/biarritzbonheur.com\/es\/wp-json\/wp\/v2\/comments?post=24642"}],"version-history":[{"count":5,"href":"https:\/\/biarritzbonheur.com\/es\/wp-json\/wp\/v2\/pages\/24642\/revisions"}],"predecessor-version":[{"id":24754,"href":"https:\/\/biarritzbonheur.com\/es\/wp-json\/wp\/v2\/pages\/24642\/revisions\/24754"}],"wp:attachment":[{"href":"https:\/\/biarritzbonheur.com\/es\/wp-json\/wp\/v2\/media?parent=24642"}],"curies":[{"name":"wp","href":"https:\/\/api.w.org\/{rel}","templated":true}]}}