{"id":24496,"date":"2025-08-21T15:34:50","date_gmt":"2025-08-21T13:34:50","guid":{"rendered":"https:\/\/biarritzbonheur.com\/historia\/"},"modified":"2025-09-16T10:33:06","modified_gmt":"2025-09-16T08:33:06","slug":"historia","status":"publish","type":"page","link":"https:\/\/biarritzbonheur.com\/eu\/historia\/","title":{"rendered":"HISTORIA"},"content":{"rendered":"<p>[et_pb_section fb_built=&#8221;1&#8243; admin_label=&#8221;Galerie&#8221; _builder_version=&#8221;4.27.4&#8243; _module_preset=&#8221;default&#8221; background_color=&#8221;#A3781F&#8221; background_enable_image=&#8221;off&#8221; background_position=&#8221;bottom_center&#8221; height_tablet=&#8221;100px&#8221; height_phone=&#8221;100px&#8221; height_last_edited=&#8221;off|desktop&#8221; custom_margin=&#8221;0px|0px|0px|0px|false|false&#8221; custom_padding=&#8221;0%|0px|0%|0px|true|true&#8221; locked=&#8221;off&#8221; collapsed=&#8221;on&#8221; global_colors_info=&#8221;{}&#8221;][et_pb_row _builder_version=&#8221;4.27.4&#8243; _module_preset=&#8221;default&#8221; width_tablet=&#8221;&#8221; width_phone=&#8221;100%&#8221; width_last_edited=&#8221;on|phone&#8221; module_alignment=&#8221;center&#8221; custom_margin=&#8221;0px|0px|0px|0px|false|false&#8221; custom_padding=&#8221;1%|0px|1%|0px|true|false&#8221; global_colors_info=&#8221;{}&#8221;][et_pb_column type=&#8221;4_4&#8243; _builder_version=&#8221;4.27.4&#8243; _module_preset=&#8221;default&#8221; custom_padding=&#8221;0%|0%|0%|0%|true|true&#8221; global_colors_info=&#8221;{}&#8221;][et_pb_text _builder_version=&#8221;4.27.4&#8243; _module_preset=&#8221;_initial&#8221; text_font=&#8221;||||||||&#8221; text_text_color=&#8221;#545454&#8243; header_font=&#8221;|300||on|||||&#8221; header_text_align=&#8221;center&#8221; header_text_color=&#8221;#FFFFFF&#8221; header_font_size=&#8221;45px&#8221; header_letter_spacing=&#8221;15px&#8221; header_2_font=&#8221;|600|||||||&#8221; header_2_text_color=&#8221;#000000&#8243; header_3_font=&#8221;||||||||&#8221; header_4_font=&#8221;||||||||&#8221; header_5_font=&#8221;||||||||&#8221; header_6_font=&#8221;||||||||&#8221; custom_margin=&#8221;0px|0px|0px|0px|false|false&#8221; custom_padding=&#8221;15px|0px|0px|0px|false|false&#8221; header_font_size_tablet=&#8221;45px&#8221; header_font_size_phone=&#8221;30px&#8221; header_font_size_last_edited=&#8221;on|phone&#8221; header_letter_spacing_tablet=&#8221;15px&#8221; header_letter_spacing_phone=&#8221;10px&#8221; header_letter_spacing_last_edited=&#8221;on|phone&#8221; global_colors_info=&#8221;{}&#8221;]<\/p>\n<h1>Historia<\/h1>\n<p>[\/et_pb_text][\/et_pb_column][\/et_pb_row][\/et_pb_section][et_pb_section fb_built=&#8221;1&#8243; _builder_version=&#8221;4.27.4&#8243; _module_preset=&#8221;default&#8221; background_enable_color=&#8221;off&#8221; custom_padding=&#8221;0px||0px||true|false&#8221; global_colors_info=&#8221;{}&#8221;][et_pb_row column_structure=&#8221;1_2,1_2&#8243; use_custom_gutter=&#8221;on&#8221; gutter_width=&#8221;1&#8243; make_equal=&#8221;on&#8221; custom_padding_last_edited=&#8221;on|tablet&#8221; _builder_version=&#8221;4.27.4&#8243; _module_preset=&#8221;default&#8221; width=&#8221;100%&#8221; max_width=&#8221;100%&#8221; custom_padding=&#8221;0px||0px||true|false&#8221; custom_padding_tablet=&#8221;25px||||false|false&#8221; custom_padding_phone=&#8221;25px||||false|false&#8221; global_colors_info=&#8221;{}&#8221;][et_pb_column type=&#8221;1_2&#8243; module_class=&#8221;centrer-verticalement&#8221; _builder_version=&#8221;4.27.4&#8243; _module_preset=&#8221;default&#8221; custom_padding_tablet=&#8221;||25px||false|false&#8221; custom_padding_phone=&#8221;||25px||false|false&#8221; custom_padding_last_edited=&#8221;on|tablet&#8221; global_colors_info=&#8221;{}&#8221;][et_pb_image src=&#8221;https:\/\/biarritzbonheur.com\/wp-content\/uploads\/2025\/08\/Ouverture-2.svg&#8221; alt=&#8221;Irekitzea&#8221; title_text=&#8221;Irekitzea&#8221; _builder_version=&#8221;4.27.4&#8243; _module_preset=&#8221;default&#8221; width=&#8221;30%&#8221; width_tablet=&#8221;30%&#8221; width_phone=&#8221;35%&#8221; width_last_edited=&#8221;on|tablet&#8221; custom_padding=&#8221;|||22%|false|false&#8221; global_colors_info=&#8221;{}&#8221;][\/et_pb_image][et_pb_text _builder_version=&#8221;4.27.4&#8243; _module_preset=&#8221;_initial&#8221; text_letter_spacing=&#8221;1px&#8221; header_2_text_color=&#8221;#A3781F&#8221; background_enable_color=&#8221;off&#8221; text_orientation=&#8221;center&#8221; custom_padding=&#8221;50px|23%|50px|23%|true|true&#8221; custom_padding_tablet=&#8221;25px|5%|25px|5%|true|true&#8221; custom_padding_phone=&#8221;20px|5%|20px|5%|true|true&#8221; custom_padding_last_edited=&#8221;on|tablet&#8221; text_font_size_tablet=&#8221;&#8221; text_font_size_phone=&#8221;14px&#8221; text_font_size_last_edited=&#8221;on|phone&#8221; text_letter_spacing_tablet=&#8221;0px&#8221; text_letter_spacing_phone=&#8221;0px&#8221; text_letter_spacing_last_edited=&#8221;on|tablet&#8221; text_line_height_tablet=&#8221;&#8221; text_line_height_phone=&#8221;1.4em&#8221; text_line_height_last_edited=&#8221;on|phone&#8221; global_colors_info=&#8221;{}&#8221;]<\/p>\n<p>1894an, Biarritzek, hondartzen erreginak eta erregeen hondartzak, luxuaren eta modaren tenplu berri bat hartu zuen, Askatasunaren plazan, gaur egun Clemenceau plaza izena duena.<\/p>\n<p><strong>\u201cBiarritz Bonheur\u201dek bere ateak ireki zituen BABeko geltokiaren ondoko lokal zabaletan.<\/strong><\/p>\n<p>Biarritz Bonheur handitu eta lekualdatu zen. Denda berria 1903ko abuztuaren 5ean inauguratu zen. XX<sup>.<\/sup> mendearen hasieran, marka Soci\u00e9t\u00e9 Fran\u00e7aise des Nouvelles Galeries-ek erosi zuen.<br \/>Arkitektura-moldaketa ugari ezarri ziren.  <\/p>\n<p>1999an, Galeries Lafayette marka zentroaren izenaren ondoan jarri zen. Baina Biarritz Bonheur izenak biarroten bihotzetan jarraitzen du oihartzuna. <\/p>\n<p>[\/et_pb_text][et_pb_image src=&#8221;https:\/\/biarritzbonheur.com\/wp-content\/uploads\/2025\/08\/Fermeture-2.svg&#8221; alt=&#8221;Itxiera&#8221; title_text=&#8221;Itxiera&#8221; align=&#8221;right&#8221; _builder_version=&#8221;4.27.4&#8243; _module_preset=&#8221;default&#8221; width=&#8221;30%&#8221; width_tablet=&#8221;30%&#8221; width_phone=&#8221;35%&#8221; width_last_edited=&#8221;on|tablet&#8221; custom_padding=&#8221;|22%|||false|false&#8221; global_colors_info=&#8221;{}&#8221;][\/et_pb_image][\/et_pb_column][et_pb_column type=&#8221;1_2&#8243; _builder_version=&#8221;4.27.4&#8243; _module_preset=&#8221;default&#8221; background_color=&#8221;#000000&#8243; custom_padding=&#8221;3%|2%|3%|2%|true|true&#8221; global_colors_info=&#8221;{}&#8221;][et_pb_gallery gallery_ids=&#8221;24497,24498,24499,24500,24501,24502,24503,24504&#8243; fullwidth=&#8221;on&#8221; _builder_version=&#8221;4.27.4&#8243; _module_preset=&#8221;default&#8221; custom_padding=&#8221;|3%||3%|false|true&#8221; auto=&#8221;on&#8221; auto_speed=&#8221;4000&#8243; global_colors_info=&#8221;{}&#8221;][\/et_pb_gallery][\/et_pb_column][\/et_pb_row][\/et_pb_section][et_pb_section fb_built=&#8221;1&#8243; module_class=&#8221;dc-inverser-colonnes&#8211;section&#8221; _builder_version=&#8221;4.27.4&#8243; _module_preset=&#8221;default&#8221; background_color=&#8221;#FFFFFF&#8221; custom_padding=&#8221;0px||0px||true|false&#8221; global_colors_info=&#8221;{}&#8221;][et_pb_row column_structure=&#8221;1_2,1_2&#8243; use_custom_gutter=&#8221;on&#8221; gutter_width=&#8221;1&#8243; make_equal=&#8221;on&#8221; module_class=&#8221;dc-inverser-colonnes&#8211;ligne&#8221; _builder_version=&#8221;4.27.4&#8243; _module_preset=&#8221;default&#8221; width=&#8221;100%&#8221; max_width=&#8221;100%&#8221; custom_padding=&#8221;0%|0%|0%|0%|true|true&#8221; global_colors_info=&#8221;{}&#8221;][et_pb_column type=&#8221;1_2&#8243; _builder_version=&#8221;4.27.4&#8243; _module_preset=&#8221;default&#8221; background_color=&#8221;#000000&#8243; custom_padding=&#8221;3%|3%|3%|3%|true|true&#8221; global_colors_info=&#8221;{}&#8221;][dipl_masonry_gallery image_ids=&#8221;145,148,147,146,149,150,151,154,152,153&#8243; number_of_columns=&#8221;3&#8243; image_size=&#8221;full&#8221; enable_lightbox=&#8221;on&#8221; enable_overlay=&#8221;on&#8221; overlay_icon=&#8221;&#xf06e;||fa||400&#8243; lightbox_background_color=&#8221;rgba(0,0,0,0.9)&#8221; overlay_icon_size=&#8221;24px&#8221; overlay_icon_color=&#8221;#FFFFFF&#8221; overlay_color=&#8221;rgba(0,0,0,0.7)&#8221; number_of_columns_tablet=&#8221;3&#8243; number_of_columns_phone=&#8221;2&#8243; number_of_columns_last_edited=&#8221;on|phone&#8221; _builder_version=&#8221;4.27.4&#8243; _module_preset=&#8221;default&#8221; width=&#8221;80%&#8221; width_tablet=&#8221;80%&#8221; width_phone=&#8221;100%&#8221; width_last_edited=&#8221;on|phone&#8221; module_alignment=&#8221;center&#8221; custom_padding=&#8221;0px|0px|0px|0px|true|true&#8221; global_colors_info=&#8221;{}&#8221;][\/dipl_masonry_gallery][\/et_pb_column][et_pb_column type=&#8221;1_2&#8243; module_class=&#8221;centrer-verticalement&#8221; _builder_version=&#8221;4.27.4&#8243; _module_preset=&#8221;default&#8221; custom_padding_tablet=&#8221;25px||25px||true|false&#8221; custom_padding_phone=&#8221;25px||25px||true|false&#8221; custom_padding_last_edited=&#8221;on|tablet&#8221; global_colors_info=&#8221;{}&#8221;][et_pb_image src=&#8221;https:\/\/biarritzbonheur.com\/wp-content\/uploads\/2025\/08\/Ouverture-2.svg&#8221; alt=&#8221;Irekitzea&#8221; title_text=&#8221;Irekitzea&#8221; _builder_version=&#8221;4.27.4&#8243; _module_preset=&#8221;default&#8221; width=&#8221;30%&#8221; width_tablet=&#8221;30%&#8221; width_phone=&#8221;35%&#8221; width_last_edited=&#8221;on|tablet&#8221; custom_padding=&#8221;|||22%|false|false&#8221; locked=&#8221;off&#8221; global_colors_info=&#8221;{}&#8221;][\/et_pb_image][et_pb_text _builder_version=&#8221;4.27.4&#8243; _module_preset=&#8221;_initial&#8221; text_letter_spacing=&#8221;1px&#8221; header_2_text_color=&#8221;#A3781F&#8221; background_enable_color=&#8221;off&#8221; text_orientation=&#8221;center&#8221; custom_padding=&#8221;50px|23%|50px|23%|true|true&#8221; custom_padding_tablet=&#8221;25px|5%|25px|5%|true|true&#8221; custom_padding_phone=&#8221;20px|5%|20px|5%|true|true&#8221; custom_padding_last_edited=&#8221;on|tablet&#8221; scroll_vertical_motion=&#8221;0|30|70|100|2|0|-2&#8243; text_font_size_tablet=&#8221;&#8221; text_font_size_phone=&#8221;14px&#8221; text_font_size_last_edited=&#8221;on|phone&#8221; text_letter_spacing_tablet=&#8221;0px&#8221; text_letter_spacing_phone=&#8221;0px&#8221; text_letter_spacing_last_edited=&#8221;on|tablet&#8221; text_line_height_tablet=&#8221;&#8221; text_line_height_phone=&#8221;1.4em&#8221; text_line_height_last_edited=&#8221;on|phone&#8221; global_colors_info=&#8221;{}&#8221;]<\/p>\n<p>Art d\u00e9co estiloa, egurra, metalezko habeak, kobre distiratsua, eskailera zentrala eta igogailuak: lekua handitasunaren tenplu bihurtu zen. Merchandising aldetik, luxuzko erakusleihoak jarri ziren beheko solairuan. <\/p>\n<p>Atzerriko herrialdeei buruzko kultur erakusketak bigarren solairuan antolatzen dira.<\/p>\n<p>Langileentzat, uniformea derrigorrezkoa da: gona tolestua belaunetik behera, blusa zuri edo kardigan bat eta oinetako urdin ilunak edo beltzak. Jakintza eta izateko modua ezinbestekoak dira. <\/p>\n<p>Dendak altzariak, baxera, drogeria eta ferreteria eskaintzen ditu, baita arropa eta ehun zuriei eskainitako atal bat, mertzeria bat, jantzigintza atal bat eta proba-gela bat ere. Autozerbitzuko elikagaien atal bat irekiko da geroago. <\/p>\n<p>[\/et_pb_text][et_pb_image src=&#8221;https:\/\/biarritzbonheur.com\/wp-content\/uploads\/2025\/08\/Fermeture-2.svg&#8221; alt=&#8221;Itxiera&#8221; title_text=&#8221;Itxiera&#8221; align=&#8221;right&#8221; _builder_version=&#8221;4.27.4&#8243; _module_preset=&#8221;default&#8221; width=&#8221;30%&#8221; width_tablet=&#8221;30%&#8221; width_phone=&#8221;35%&#8221; width_last_edited=&#8221;on|tablet&#8221; custom_padding=&#8221;|22%|||false|false&#8221; locked=&#8221;off&#8221; global_colors_info=&#8221;{}&#8221;][\/et_pb_image][\/et_pb_column][\/et_pb_row][\/et_pb_section][et_pb_section fb_built=&#8221;1&#8243; _builder_version=&#8221;4.27.4&#8243; _module_preset=&#8221;default&#8221; background_enable_color=&#8221;off&#8221; custom_padding=&#8221;0px||0px||true|false&#8221; global_colors_info=&#8221;{}&#8221;][et_pb_row column_structure=&#8221;1_2,1_2&#8243; use_custom_gutter=&#8221;on&#8221; gutter_width=&#8221;1&#8243; make_equal=&#8221;on&#8221; _builder_version=&#8221;4.27.4&#8243; _module_preset=&#8221;default&#8221; width=&#8221;100%&#8221; max_width=&#8221;100%&#8221; custom_padding=&#8221;0px||0px||false|false&#8221; global_colors_info=&#8221;{}&#8221;][et_pb_column type=&#8221;1_2&#8243; module_class=&#8221;centrer-verticalement&#8221; _builder_version=&#8221;4.27.4&#8243; _module_preset=&#8221;default&#8221; custom_padding_tablet=&#8221;25px||25px||true|false&#8221; custom_padding_phone=&#8221;25px||25px||true|false&#8221; custom_padding_last_edited=&#8221;on|tablet&#8221; global_colors_info=&#8221;{}&#8221;][et_pb_image src=&#8221;https:\/\/biarritzbonheur.com\/wp-content\/uploads\/2025\/08\/Ouverture-2.svg&#8221; alt=&#8221;Irekitzea&#8221; title_text=&#8221;Irekitzea&#8221; _builder_version=&#8221;4.27.4&#8243; _module_preset=&#8221;default&#8221; width=&#8221;30%&#8221; width_tablet=&#8221;30%&#8221; width_phone=&#8221;35%&#8221; width_last_edited=&#8221;on|tablet&#8221; custom_padding=&#8221;|||22%|false|false&#8221; locked=&#8221;off&#8221; global_colors_info=&#8221;{}&#8221;][\/et_pb_image][et_pb_text _builder_version=&#8221;4.27.4&#8243; _module_preset=&#8221;_initial&#8221; text_letter_spacing=&#8221;1px&#8221; header_2_text_color=&#8221;#A3781F&#8221; background_enable_color=&#8221;off&#8221; text_orientation=&#8221;center&#8221; custom_padding=&#8221;50px|23%|50px|23%|true|true&#8221; custom_padding_tablet=&#8221;25px|5%|25px|5%|true|true&#8221; custom_padding_phone=&#8221;20px|5%|20px|5%|true|true&#8221; custom_padding_last_edited=&#8221;on|tablet&#8221; scroll_vertical_motion=&#8221;0|30|70|100|2|0|-2&#8243; text_font_size_tablet=&#8221;&#8221; text_font_size_phone=&#8221;14px&#8221; text_font_size_last_edited=&#8221;on|phone&#8221; text_letter_spacing_tablet=&#8221;0px&#8221; text_letter_spacing_phone=&#8221;0px&#8221; text_letter_spacing_last_edited=&#8221;on|tablet&#8221; text_line_height_tablet=&#8221;&#8221; text_line_height_phone=&#8221;1.4em&#8221; text_line_height_last_edited=&#8221;on|phone&#8221; global_colors_info=&#8221;{}&#8221;]<\/p>\n<p>Biarritz modaren historian sartu zen Eug\u00e9nie enperatrizak, Napoleon III.aren emazteak, 1854an udako oporleku bihurtu zuenean. Presentzia inperial honek Europako elitea erakarri zuen, Biarritz joera-leku bihurtuz, non goi-gizarteak bere jantzi ederrenak erakusten zituen. <\/p>\n<p>Biarritzek goi-mailako joskintzaren izen handienak erakartzen ditu. Poiret, Chanel, Vionnet, Lanvin, Herm\u00e8s, Rochas, Balenciaga eta Courr\u00e8ges-ek, horrela, Hiri Inperiala animatzen zuten festa luxuzkoen bezero aseezina jantzi zuten. <\/p>\n<p>Coco Chanel-ek bere lehen denda ireki zuen Parisetik kanpo 1915ean, Biarritzen moda-estatutua sendotuz.<\/p>\n<p>Gaur egun, ondare aberats honek irauten du luxuzko dendetan eta moda-ekitaldietan zehar.<\/p>\n<p>[\/et_pb_text][et_pb_image src=&#8221;https:\/\/biarritzbonheur.com\/wp-content\/uploads\/2025\/08\/Fermeture-2.svg&#8221; alt=&#8221;Itxiera&#8221; title_text=&#8221;Itxiera&#8221; align=&#8221;right&#8221; _builder_version=&#8221;4.27.4&#8243; _module_preset=&#8221;default&#8221; width=&#8221;30%&#8221; width_tablet=&#8221;30%&#8221; width_phone=&#8221;35%&#8221; width_last_edited=&#8221;on|tablet&#8221; custom_padding=&#8221;|22%|||false|false&#8221; locked=&#8221;off&#8221; global_colors_info=&#8221;{}&#8221;][\/et_pb_image][\/et_pb_column][et_pb_column type=&#8221;1_2&#8243; _builder_version=&#8221;4.27.4&#8243; _module_preset=&#8221;default&#8221; background_color=&#8221;#000000&#8243; custom_padding=&#8221;3%|3%|3%|3%|true|true&#8221; global_colors_info=&#8221;{}&#8221;][dipl_masonry_gallery image_ids=&#8221;156,157,158,159,160,163,161,165,162,164&#8243; number_of_columns=&#8221;3&#8243; image_size=&#8221;full&#8221; enable_lightbox=&#8221;on&#8221; enable_overlay=&#8221;on&#8221; overlay_icon=&#8221;&#xf06e;||fa||400&#8243; lightbox_background_color=&#8221;rgba(0,0,0,0.9)&#8221; overlay_icon_size=&#8221;24px&#8221; overlay_icon_color=&#8221;#FFFFFF&#8221; overlay_color=&#8221;rgba(0,0,0,0.7)&#8221; number_of_columns_tablet=&#8221;3&#8243; number_of_columns_phone=&#8221;2&#8243; number_of_columns_last_edited=&#8221;on|phone&#8221; _builder_version=&#8221;4.27.4&#8243; _module_preset=&#8221;default&#8221; width=&#8221;65%&#8221; width_tablet=&#8221;65%&#8221; width_phone=&#8221;100%&#8221; width_last_edited=&#8221;on|phone&#8221; module_alignment=&#8221;center&#8221; custom_padding=&#8221;0px|0px|0px|0px|true|true&#8221; locked=&#8221;off&#8221; global_colors_info=&#8221;{}&#8221;][\/dipl_masonry_gallery][\/et_pb_column][\/et_pb_row][\/et_pb_section][et_pb_section fb_built=&#8221;1&#8243; custom_padding_last_edited=&#8221;on|tablet&#8221; _builder_version=&#8221;4.27.4&#8243; _module_preset=&#8221;default&#8221; background_color=&#8221;rgba(163,120,31,0.1)&#8221; custom_padding=&#8221;1%||1%||true|false&#8221; custom_padding_tablet=&#8221;3%||3%||true|false&#8221; custom_padding_phone=&#8221;3%||3%||true|false&#8221; global_colors_info=&#8221;{}&#8221;][et_pb_row _builder_version=&#8221;4.27.4&#8243; _module_preset=&#8221;default&#8221; global_colors_info=&#8221;{}&#8221;][et_pb_column type=&#8221;4_4&#8243; _builder_version=&#8221;4.27.4&#8243; _module_preset=&#8221;default&#8221; global_colors_info=&#8221;{}&#8221;][dipl_button inline_buttons=&#8221;on&#8221; buttons_alignment=&#8221;center&#8221; _builder_version=&#8221;4.27.4&#8243; _module_preset=&#8221;default&#8221; button_font=&#8221;|600||on|||||&#8221; button_text_color=&#8221;#FFFFFF&#8221; button_letter_spacing=&#8221;1px&#8221; custom_margin=&#8221;0px|0px|0px|0px|false|false&#8221; custom_padding=&#8221;0px|0px|0px|0px|true|true&#8221; hover_enabled=&#8221;0&#8243; locked=&#8221;off&#8221; global_colors_info=&#8221;{}&#8221; sticky_enabled=&#8221;0&#8243;][dipl_button_item button_type=&#8221;conversion&#8221; button_text=&#8221;erreserba&#8221; button_url=&#8221;https:\/\/bookings.zenchef.com\/results?rid=373871&#038;pid=1001&#8243; url_new_window=&#8221;on&#8221; background_fill_style=&#8221;wipe_fill&#8221; button_bg_color=&#8221;#A3781F&#8221; button_custom_margin=&#8221;0px|15px|0px|0px|false|false&#8221; button_custom_padding=&#8221;10px|25px|10px|25px|false|true&#8221; _builder_version=&#8221;4.27.4&#8243; _module_preset=&#8221;default&#8221; button_font=&#8221;|||on|||||&#8221; hover_enabled=&#8221;0&#8243; global_colors_info=&#8221;{}&#8221; button_bg_color__hover_enabled=&#8221;on|hover&#8221; button_bg_color__hover=&#8221;#000000&#8243; button_bg_enable_color__hover=&#8221;on&#8221; button_text_color__hover_enabled=&#8221;on|hover&#8221; button_text_color__hover=&#8221;#FFFFFF&#8221; sticky_enabled=&#8221;0&#8243;][\/dipl_button_item][\/dipl_button][\/et_pb_column][\/et_pb_row][\/et_pb_section]<\/p>\n","protected":false},"excerpt":{"rendered":"<p>Historia1894an, Biarritzek, hondartzen erreginak eta erregeen hondartzak, luxuaren eta modaren tenplu berri bat hartu zuen, Askatasunaren plazan, gaur egun Clemenceau plaza izena duena. \u201cBiarritz Bonheur\u201dek bere ateak ireki zituen BABeko geltokiaren ondoko lokal zabaletan. Biarritz Bonheur handitu eta lekualdatu zen. Denda berria 1903ko abuztuaren 5ean inauguratu zen. XX. mendearen hasieran, marka Soci\u00e9t\u00e9 Fran\u00e7aise des Nouvelles [&hellip;]<\/p>\n","protected":false},"author":1,"featured_media":0,"parent":0,"menu_order":0,"comment_status":"closed","ping_status":"closed","template":"","meta":{"_seopress_robots_primary_cat":"","_seopress_titles_title":"BIARRITZ BONHEUR, historiaz betetako leku bat","_seopress_titles_desc":"Ezagutu BIARRITZ BONHEURren historia: garaiak zeharkatu dituen leku bat, moda eta Galeries Lafayette-ren erreferentzia bat hiri inperialean errotua.","_seopress_robots_index":"","_et_pb_use_builder":"on","_et_pb_old_content":"","_et_gb_content_width":"","footnotes":""},"class_list":["post-24496","page","type-page","status-publish","hentry"],"_links":{"self":[{"href":"https:\/\/biarritzbonheur.com\/eu\/wp-json\/wp\/v2\/pages\/24496","targetHints":{"allow":["GET"]}}],"collection":[{"href":"https:\/\/biarritzbonheur.com\/eu\/wp-json\/wp\/v2\/pages"}],"about":[{"href":"https:\/\/biarritzbonheur.com\/eu\/wp-json\/wp\/v2\/types\/page"}],"author":[{"embeddable":true,"href":"https:\/\/biarritzbonheur.com\/eu\/wp-json\/wp\/v2\/users\/1"}],"replies":[{"embeddable":true,"href":"https:\/\/biarritzbonheur.com\/eu\/wp-json\/wp\/v2\/comments?post=24496"}],"version-history":[{"count":9,"href":"https:\/\/biarritzbonheur.com\/eu\/wp-json\/wp\/v2\/pages\/24496\/revisions"}],"predecessor-version":[{"id":24762,"href":"https:\/\/biarritzbonheur.com\/eu\/wp-json\/wp\/v2\/pages\/24496\/revisions\/24762"}],"wp:attachment":[{"href":"https:\/\/biarritzbonheur.com\/eu\/wp-json\/wp\/v2\/media?parent=24496"}],"curies":[{"name":"wp","href":"https:\/\/api.w.org\/{rel}","templated":true}]}}